{"id":1148,"date":"2022-08-08T00:24:28","date_gmt":"2022-08-08T00:24:28","guid":{"rendered":"https:\/\/lovenotwar.com.ar\/?page_id=1148"},"modified":"2025-08-28T22:18:01","modified_gmt":"2025-08-28T22:18:01","slug":"manifiesto","status":"publish","type":"page","link":"https:\/\/lovenotwar.com.ar\/?page_id=1148","title":{"rendered":"Manifiesto"},"content":{"rendered":"\t\t<div data-elementor-type=\"wp-page\" data-elementor-id=\"1148\" class=\"elementor elementor-1148\" data-elementor-post-type=\"page\">\n\t\t\t\t\t\t<section class=\"elementor-section elementor-top-section elementor-element elementor-element-99b1712 elementor-section-height-min-height elementor-section-boxed elementor-section-height-default elementor-section-items-middle\" data-id=\"99b1712\" data-element_type=\"section\" data-e-type=\"section\" data-settings=\"{&quot;background_background&quot;:&quot;classic&quot;}\">\n\t\t\t\t\t\t\t<div class=\"elementor-background-overlay\"><\/div>\n\t\t\t\t\t\t\t<div class=\"elementor-container elementor-column-gap-default\">\n\t\t\t\t\t<div class=\"elementor-column elementor-col-100 elementor-top-column elementor-element elementor-element-0f48e2b\" data-id=\"0f48e2b\" data-element_type=\"column\" data-e-type=\"column\">\n\t\t\t<div class=\"elementor-widget-wrap elementor-element-populated\">\n\t\t\t\t\t\t<div class=\"elementor-element elementor-element-3ed03e2 elementor-widget elementor-widget-heading\" data-id=\"3ed03e2\" data-element_type=\"widget\" data-e-type=\"widget\" data-widget_type=\"heading.default\">\n\t\t\t\t<div class=\"elementor-widget-container\">\n\t\t\t\t\t<h2 class=\"elementor-heading-title elementor-size-default\">Manifiesto<\/h2>\t\t\t\t<\/div>\n\t\t\t\t<\/div>\n\t\t\t\t\t<\/div>\n\t\t<\/div>\n\t\t\t\t\t<\/div>\n\t\t<\/section>\n\t\t\t\t<section class=\"elementor-section elementor-top-section elementor-element elementor-element-f6baa3e elementor-section-boxed elementor-section-height-default elementor-section-height-default\" data-id=\"f6baa3e\" data-element_type=\"section\" data-e-type=\"section\">\n\t\t\t\t\t\t\t<div class=\"elementor-background-overlay\"><\/div>\n\t\t\t\t\t\t\t<div class=\"elementor-container elementor-column-gap-default\">\n\t\t\t\t\t<div class=\"elementor-column elementor-col-100 elementor-top-column elementor-element elementor-element-bb3387f\" data-id=\"bb3387f\" data-element_type=\"column\" data-e-type=\"column\">\n\t\t\t<div class=\"elementor-widget-wrap elementor-element-populated\">\n\t\t\t\t\t\t<div class=\"elementor-element elementor-element-cdf6f1a elementor-widget elementor-widget-text-editor\" data-id=\"cdf6f1a\" data-element_type=\"widget\" data-e-type=\"widget\" data-widget_type=\"text-editor.default\">\n\t\t\t\t<div class=\"elementor-widget-container\">\n\t\t\t\t\t\t\t\t\t<p>Desde 2009, despu\u00e9s de estudiar Dise\u00f1o de Indumentaria, Marketing de Moda y Asesoramiento de Imagen, he ido ampliando mi carrera en el \u00e1rea de la moda y el dise\u00f1o y me especialic\u00e9 en accesorios sostenibles, trabajando siempre con materiales reciclados desde el packaging hasta el acr\u00edlico, que es nuestra materia prima. De esta manera, intentamos contribuir al cuidado y la preservaci\u00f3n del planeta.<br \/><br \/>Con mi experiencia previa, me puse en este compromiso m\u00e1s lento pero m\u00e1s \u00e9tico en el desarrollo de la moda, y hoy en d\u00eda dicto cursos para continuar con la transformaci\u00f3n. Desde el comienzo, tuve claro que quer\u00eda contribuir positivamente en la sociedad, pero me llev\u00f3 tiempo encontrar c\u00f3mo hacerlo en esta industria, que es la segunda m\u00e1s contaminante del mundo. S\u00e9 que emprendemos el camino m\u00e1s dif\u00edcil, pero no por eso nos rendimos.<br \/><br \/>En Love., somos conscientes de la importancia de reducir el impacto ambiental y queremos ser parte de la revoluci\u00f3n. Invertimos en valores humanos, trabajamos los productos artesanalmente, vendemos Pre Orden para no generar exceso de stock, nuestro packaging es sostenible, hecho de cart\u00f3n, y aunque no podemos eliminarlo porque de ello depende la conservaci\u00f3n y transportaci\u00f3n de los productos para una mayor durabilidad, hacemos un servicio postventa. Aunque econ\u00f3micamente eso suene no rentable, nuestro objetivo es ver m\u00e1s all\u00e1 de la venta y generar un producto que dure a trav\u00e9s del tiempo, de esta manera evitamos el consumo masivo.<\/p>\t\t\t\t\t\t\t\t<\/div>\n\t\t\t\t<\/div>\n\t\t\t\t\t<\/div>\n\t\t<\/div>\n\t\t\t\t\t<\/div>\n\t\t<\/section>\n\t\t\t\t<section class=\"elementor-section elementor-top-section elementor-element elementor-element-76f7bdd elementor-section-boxed elementor-section-height-default elementor-section-height-default\" data-id=\"76f7bdd\" data-element_type=\"section\" data-e-type=\"section\">\n\t\t\t\t\t\t\t<div class=\"elementor-background-overlay\"><\/div>\n\t\t\t\t\t\t\t<div class=\"elementor-container elementor-column-gap-default\">\n\t\t\t\t\t<div class=\"elementor-column elementor-col-100 elementor-top-column elementor-element elementor-element-e44a176\" data-id=\"e44a176\" data-element_type=\"column\" data-e-type=\"column\">\n\t\t\t<div class=\"elementor-widget-wrap elementor-element-populated\">\n\t\t\t\t\t\t<div class=\"elementor-element elementor-element-438a9e1 elementor-widget elementor-widget-heading\" data-id=\"438a9e1\" data-element_type=\"widget\" data-e-type=\"widget\" data-widget_type=\"heading.default\">\n\t\t\t\t<div class=\"elementor-widget-container\">\n\t\t\t\t\t<h2 class=\"elementor-heading-title elementor-size-default\">Nuestros productos son:<\/h2>\t\t\t\t<\/div>\n\t\t\t\t<\/div>\n\t\t\t\t<div class=\"elementor-element elementor-element-bfcef4b elementor-widget elementor-widget-text-editor\" data-id=\"bfcef4b\" data-element_type=\"widget\" data-e-type=\"widget\" data-widget_type=\"text-editor.default\">\n\t\t\t\t<div class=\"elementor-widget-container\">\n\t\t\t\t\t\t\t\t\t<p>-SOSTENIBLES<span style=\"font-style: inherit;background-color: var(--ast-global-color-5);color: var(--ast-global-color-3)\">: Materiales fabricados a trav\u00e9s del reciclaje.<\/span><\/p><p><span style=\"font-weight: 400\"><strong>-TRANSPARENTES<\/strong>: Ofrecemos la informaci\u00f3n necesaria sobre los costes de nuestras producciones.<\/span><\/p><p><span style=\"font-weight: 400\"><strong>-INNOVADORES<\/strong>: Rendimos tributo a la m\u00fasica y a la moda en nuestros Pines, hacemos dise\u00f1os personalizados.<\/span><\/p><p><span style=\"font-weight: 400\"><strong>-CREATIVOS<\/strong>: Usamos las tendencias de la moda aunque no vamos con ella. Pero entendemos que se usa para completar tus looks<\/span><\/p><p><strong>-PRE ORDEN:<\/strong> Nuestros productos se realizan bajo un sistema de Pre Orden y son elaborados artesanalmente, por eso los tiempos de entrega pueden variar entre 10 y 15 d\u00edas h\u00e1biles. Este proceso m\u00e1s lento nos permite cuidar cada detalle y evitar la sobreproducci\u00f3n, asegurando un accesorio \u00fanico y consciente<\/p><p><span style=\"font-weight: 400\"><strong>-FABRICADOS EN ARGENTINA<\/strong>: Reducimos el impacto de CO2.<\/span><\/p><p><span style=\"font-weight: 400\">\u00a0<\/span><\/p><p>\u00a0<\/p>\t\t\t\t\t\t\t\t<\/div>\n\t\t\t\t<\/div>\n\t\t\t\t<div class=\"elementor-element elementor-element-fb1da42 elementor-widget elementor-widget-text-editor\" data-id=\"fb1da42\" data-element_type=\"widget\" data-e-type=\"widget\" data-widget_type=\"text-editor.default\">\n\t\t\t\t<div class=\"elementor-widget-container\">\n\t\t\t\t\t\t\t\t\t<p>Creo en la evoluci\u00f3n que genera riqueza emocional en nuestra sociedad y nos permite proteger el planeta de forma m\u00e1s aut\u00e9ntica.<\/p><p>Quiero que seas parte de esta nueva era. Mi filosof\u00eda de dise\u00f1o y tendencia es a trav\u00e9s de la sostenibilidad. Si queremos renovar la moda, tenemos que cambiar el camino. Love Not War es nuestra forma de ver la moda, en concreto en los accesorios atemporales, a trav\u00e9s del respeto y la sostenibilidad.<\/p><p>\u00a0<\/p><p>Buscamos minimizar al m\u00e1ximo nuestra huella en la industria, reutilizando y fabricando mini colecciones atemporales y vers\u00e1tiles. Somos parte de la econom\u00eda local y un proyecto que trabaja artesanalmente con gente comprometida.<\/p><p>Un futuro mejor es posible.<\/p>\t\t\t\t\t\t\t\t<\/div>\n\t\t\t\t<\/div>\n\t\t\t\t\t<\/div>\n\t\t<\/div>\n\t\t\t\t\t<\/div>\n\t\t<\/section>\n\t\t\t\t<\/div>\n\t\t","protected":false},"excerpt":{"rendered":"<p>Manifiesto Desde 2009, despu\u00e9s de estudiar Dise\u00f1o de Indumentaria, Marketing de Moda y Asesoramiento de Imagen, he ido ampliando mi carrera en el \u00e1rea de la moda y el dise\u00f1o y me especialic\u00e9 en accesorios sostenibles, trabajando siempre con materiales reciclados desde el packaging hasta el acr\u00edlico, que es nuestra materia prima. De esta manera, &hellip;<\/p>\n<p class=\"read-more\"> <a class=\"\" href=\"https:\/\/lovenotwar.com.ar\/?page_id=1148\"> <span class=\"screen-reader-text\">Manifiesto<\/span> Leer m\u00e1s &raquo;<\/a><\/p>\n","protected":false},"author":1,"featured_media":0,"parent":0,"menu_order":0,"comment_status":"closed","ping_status":"closed","template":"elementor_header_footer","meta":{"site-sidebar-layout":"no-sidebar","site-content-layout":"page-builder","ast-global-header-display":"","ast-main-header-display":"","ast-hfb-above-header-display":"","ast-hfb-below-header-display":"","ast-hfb-mobile-header-display":"","site-post-title":"disabled","ast-breadcrumbs-content":"","ast-featured-img":"disabled","footer-sml-layout":"","theme-transparent-header-meta":"","adv-header-id-meta":"","stick-header-meta":"","header-above-stick-meta":"","header-main-stick-meta":"","header-below-stick-meta":"","footnotes":""},"class_list":["post-1148","page","type-page","status-publish","hentry"],"aioseo_notices":[],"_links":{"self":[{"href":"https:\/\/lovenotwar.com.ar\/index.php?rest_route=\/wp\/v2\/pages\/1148","targetHints":{"allow":["GET"]}}],"collection":[{"href":"https:\/\/lovenotwar.com.ar\/index.php?rest_route=\/wp\/v2\/pages"}],"about":[{"href":"https:\/\/lovenotwar.com.ar\/index.php?rest_route=\/wp\/v2\/types\/page"}],"author":[{"embeddable":true,"href":"https:\/\/lovenotwar.com.ar\/index.php?rest_route=\/wp\/v2\/users\/1"}],"replies":[{"embeddable":true,"href":"https:\/\/lovenotwar.com.ar\/index.php?rest_route=%2Fwp%2Fv2%2Fcomments&post=1148"}],"version-history":[{"count":64,"href":"https:\/\/lovenotwar.com.ar\/index.php?rest_route=\/wp\/v2\/pages\/1148\/revisions"}],"predecessor-version":[{"id":2298,"href":"https:\/\/lovenotwar.com.ar\/index.php?rest_route=\/wp\/v2\/pages\/1148\/revisions\/2298"}],"wp:attachment":[{"href":"https:\/\/lovenotwar.com.ar\/index.php?rest_route=%2Fwp%2Fv2%2Fmedia&parent=1148"}],"curies":[{"name":"wp","href":"https:\/\/api.w.org\/{rel}","templated":true}]}}