{"id":2704,"date":"2026-02-23T01:59:36","date_gmt":"2026-02-23T01:59:36","guid":{"rendered":"https:\/\/lovenotwar.com.ar\/?page_id=2704"},"modified":"2026-02-23T02:02:05","modified_gmt":"2026-02-23T02:02:05","slug":"corporativo-regalos-empresariales","status":"publish","type":"page","link":"https:\/\/lovenotwar.com.ar\/?page_id=2704","title":{"rendered":"Corporativo Regalos empresariales"},"content":{"rendered":"\t\t<div data-elementor-type=\"wp-page\" data-elementor-id=\"2704\" class=\"elementor elementor-2704\" data-elementor-post-type=\"page\">\n\t\t\t\t\t\t<section class=\"elementor-section elementor-top-section elementor-element elementor-element-86c18f3 elementor-section-boxed elementor-section-height-default elementor-section-height-default\" data-id=\"86c18f3\" data-element_type=\"section\" data-e-type=\"section\">\n\t\t\t\t\t\t<div class=\"elementor-container elementor-column-gap-default\">\n\t\t\t\t\t<div class=\"elementor-column elementor-col-100 elementor-top-column elementor-element elementor-element-edf661b\" data-id=\"edf661b\" data-element_type=\"column\" data-e-type=\"column\">\n\t\t\t<div class=\"elementor-widget-wrap elementor-element-populated\">\n\t\t\t\t\t\t<div class=\"elementor-element elementor-element-0358589 elementor-widget elementor-widget-image\" data-id=\"0358589\" data-element_type=\"widget\" data-e-type=\"widget\" data-widget_type=\"image.default\">\n\t\t\t\t<div class=\"elementor-widget-container\">\n\t\t\t\t\t\t\t\t\t\t\t\t\t\t\t<img fetchpriority=\"high\" decoding=\"async\" width=\"694\" height=\"427\" src=\"https:\/\/lovenotwar.com.ar\/wp-content\/uploads\/2025\/01\/cropped-WhatsApp-Image-2025-01-11-at-16.26.45-66x41.jpeg\" class=\"attachment-large size-large wp-image-2259\" alt=\"\" srcset=\"https:\/\/lovenotwar.com.ar\/wp-content\/uploads\/2025\/01\/cropped-WhatsApp-Image-2025-01-11-at-16.26.45.jpeg 694w, https:\/\/lovenotwar.com.ar\/wp-content\/uploads\/2025\/01\/cropped-WhatsApp-Image-2025-01-11-at-16.26.45-300x185.jpeg 300w, https:\/\/lovenotwar.com.ar\/wp-content\/uploads\/2025\/01\/cropped-WhatsApp-Image-2025-01-11-at-16.26.45-500x308.jpeg 500w, https:\/\/lovenotwar.com.ar\/wp-content\/uploads\/2025\/01\/cropped-WhatsApp-Image-2025-01-11-at-16.26.45-66x41.jpeg 66w\" sizes=\"(max-width: 694px) 100vw, 694px\" \/>\t\t\t\t\t\t\t\t\t\t\t\t\t\t\t<\/div>\n\t\t\t\t<\/div>\n\t\t\t\t<div class=\"elementor-element elementor-element-c27f02f elementor-widget elementor-widget-text-editor\" data-id=\"c27f02f\" data-element_type=\"widget\" data-e-type=\"widget\" data-widget_type=\"text-editor.default\">\n\t\t\t\t<div class=\"elementor-widget-container\">\n\t\t\t\t\t\t\t\t\t<p>En Love Not War creemos que los regalos tambi\u00e9n comunican valores.<\/p><p>Por eso realizamos pedidos corporativos personalizados para empresas y organizaciones que buscan objetos \u00fatiles, bellos y con sentido.<\/p><p>Dise\u00f1amos y producimos tazas, remeras, buzos, totes, mates, botellas de acero y otros productos, incorporando logos, ideas propias o conceptos que representen a cada marca.<\/p><p>Cada proyecto es \u00fanico y se trabaja de forma artesanal, cuidando tanto el dise\u00f1o como el mensaje.<\/p><p>Si quer\u00e9s hacer un pedido corporativo o recibir un presupuesto, escribinos y lo armamos juntas\/os.<\/p><p>Pedidos m\u00ednimos seg\u00fan producto. Producci\u00f3n por encargo<\/p>\t\t\t\t\t\t\t\t<\/div>\n\t\t\t\t<\/div>\n\t\t\t\t<div class=\"elementor-element elementor-element-b21bf97 elementor-align-center elementor-widget elementor-widget-button\" data-id=\"b21bf97\" data-element_type=\"widget\" data-e-type=\"widget\" data-widget_type=\"button.default\">\n\t\t\t\t<div class=\"elementor-widget-container\">\n\t\t\t\t\t\t\t\t\t<div class=\"elementor-button-wrapper\">\n\t\t\t\t\t<a class=\"elementor-button elementor-button-link elementor-size-sm\" href=\"https:\/\/lovenotwar.com.ar\/?page_id=1141\">\n\t\t\t\t\t\t<span class=\"elementor-button-content-wrapper\">\n\t\t\t\t\t\t\t\t\t<span class=\"elementor-button-text\">Hacer pedido corporativo<\/span>\n\t\t\t\t\t<\/span>\n\t\t\t\t\t<\/a>\n\t\t\t\t<\/div>\n\t\t\t\t\t\t\t\t<\/div>\n\t\t\t\t<\/div>\n\t\t\t\t\t<\/div>\n\t\t<\/div>\n\t\t\t\t\t<\/div>\n\t\t<\/section>\n\t\t\t\t<\/div>\n\t\t","protected":false},"excerpt":{"rendered":"<p>En Love Not War creemos que los regalos tambi\u00e9n comunican valores. Por eso realizamos pedidos corporativos personalizados para empresas y organizaciones que buscan objetos \u00fatiles, bellos y con sentido. Dise\u00f1amos y producimos tazas, remeras, buzos, totes, mates, botellas de acero y otros productos, incorporando logos, ideas propias o conceptos que representen a cada marca. Cada &hellip;<\/p>\n<p class=\"read-more\"> <a class=\"\" href=\"https:\/\/lovenotwar.com.ar\/?page_id=2704\"> <span class=\"screen-reader-text\">Corporativo Regalos empresariales<\/span> Leer m\u00e1s &raquo;<\/a><\/p>\n","protected":false},"author":1,"featured_media":0,"parent":0,"menu_order":0,"comment_status":"closed","ping_status":"closed","template":"","meta":{"site-sidebar-layout":"no-sidebar","site-content-layout":"page-builder","ast-global-header-display":"","ast-main-header-display":"","ast-hfb-above-header-display":"","ast-hfb-below-header-display":"","ast-hfb-mobile-header-display":"","site-post-title":"disabled","ast-breadcrumbs-content":"","ast-featured-img":"disabled","footer-sml-layout":"","theme-transparent-header-meta":"","adv-header-id-meta":"","stick-header-meta":"","header-above-stick-meta":"","header-main-stick-meta":"","header-below-stick-meta":"","footnotes":""},"class_list":["post-2704","page","type-page","status-publish","hentry"],"aioseo_notices":[],"_links":{"self":[{"href":"https:\/\/lovenotwar.com.ar\/index.php?rest_route=\/wp\/v2\/pages\/2704","targetHints":{"allow":["GET"]}}],"collection":[{"href":"https:\/\/lovenotwar.com.ar\/index.php?rest_route=\/wp\/v2\/pages"}],"about":[{"href":"https:\/\/lovenotwar.com.ar\/index.php?rest_route=\/wp\/v2\/types\/page"}],"author":[{"embeddable":true,"href":"https:\/\/lovenotwar.com.ar\/index.php?rest_route=\/wp\/v2\/users\/1"}],"replies":[{"embeddable":true,"href":"https:\/\/lovenotwar.com.ar\/index.php?rest_route=%2Fwp%2Fv2%2Fcomments&post=2704"}],"version-history":[{"count":4,"href":"https:\/\/lovenotwar.com.ar\/index.php?rest_route=\/wp\/v2\/pages\/2704\/revisions"}],"predecessor-version":[{"id":2708,"href":"https:\/\/lovenotwar.com.ar\/index.php?rest_route=\/wp\/v2\/pages\/2704\/revisions\/2708"}],"wp:attachment":[{"href":"https:\/\/lovenotwar.com.ar\/index.php?rest_route=%2Fwp%2Fv2%2Fmedia&parent=2704"}],"curies":[{"name":"wp","href":"https:\/\/api.w.org\/{rel}","templated":true}]}}