{"id":2190,"date":"2024-12-21T23:07:49","date_gmt":"2024-12-21T23:07:49","guid":{"rendered":"https:\/\/lovenotwar.com.ar\/?post_type=product&#038;p=2190"},"modified":"2026-02-02T13:06:06","modified_gmt":"2026-02-02T13:06:06","slug":"botella-love-not-war","status":"publish","type":"product","link":"https:\/\/lovenotwar.com.ar\/?product=botella-love-not-war","title":{"rendered":"Botella \u00abMotivacional Just Drink It\u00bb"},"content":{"rendered":"","protected":false},"excerpt":{"rendered":"<p>Botella de Aluminio Just Drink It<br \/>\nTu recordatorio personal para mantener el ritmo y la hidrataci\u00f3n a tope. Esta botella est\u00e1 dise\u00f1ada para quienes necesitan un empujoncito extra de organizaci\u00f3n y motivaci\u00f3n durante el d\u00eda.<br \/>\n* Capacidad: 500 cc, el tama\u00f1o ideal para llevar en la mano o en el bolso y cumplir con tus metas diarias.<br \/>\n* Material: Aluminio de alta calidad con interior esmaltado, ligera para que no te pese y resistente para bancarse el uso continuo.<br \/>\n* Dise\u00f1o y T\u00e9cnica: Presenta un cronograma de hidrataci\u00f3n con horarios (de 8 AM a 12 PM y \u00abREPEAT\u00bb) junto a la frase \u00abJust Drink It\u00bb con un coraz\u00f3n negro.<br \/>\n* Sublimaci\u00f3n Premium: El dise\u00f1o se integra al aluminio mediante calor, lo que garantiza que los horarios y las letras no se borren con el roce ni se desgasten con el agua, manteniendo un acabado liso y profesional.<br \/>\n* Funcionalidad: Viene con tapa a rosca de seguridad y un dise\u00f1o ergon\u00f3mico para que tomar agua sea lo m\u00e1s pr\u00e1ctico de tu d\u00eda.<br \/>\nCalidad con Disciplina<br \/>\nEn Red, queremos que tus h\u00e1bitos saludables duren tanto como nuestros productos:<br \/>\n* Sustentabilidad: Una opci\u00f3n 100% reutilizable que te ayuda a medir tu consumo de agua sin generar desperdicios de pl\u00e1stico.<br \/>\n* Durabilidad Extrema: El aluminio, sumado a la t\u00e9cnica de sublimaci\u00f3n, asegura que tu gu\u00eda de hidrataci\u00f3n se mantenga n\u00edtida y perfecta por mucho tiempo.<\/p>\n","protected":false},"featured_media":2355,"template":"","meta":{"site-sidebar-layout":"default","site-content-layout":"default","ast-global-header-display":"","ast-main-header-display":"","ast-hfb-above-header-display":"","ast-hfb-below-header-display":"","ast-hfb-mobile-header-display":"","site-post-title":"","ast-breadcrumbs-content":"","ast-featured-img":"","footer-sml-layout":"","theme-transparent-header-meta":"default","adv-header-id-meta":"","stick-header-meta":"","header-above-stick-meta":"","header-main-stick-meta":"","header-below-stick-meta":""},"product_brand":[],"product_cat":[47],"product_tag":[],"class_list":{"0":"post-2190","1":"product","2":"type-product","3":"status-publish","4":"has-post-thumbnail","6":"product_cat-botella","7":"desktop-align-left","8":"tablet-align-left","9":"mobile-align-left","11":"first","12":"instock","13":"taxable","14":"shipping-taxable","15":"purchasable","16":"product-type-simple"},"aioseo_notices":[],"_links":{"self":[{"href":"https:\/\/lovenotwar.com.ar\/index.php?rest_route=\/wp\/v2\/product\/2190","targetHints":{"allow":["GET"]}}],"collection":[{"href":"https:\/\/lovenotwar.com.ar\/index.php?rest_route=\/wp\/v2\/product"}],"about":[{"href":"https:\/\/lovenotwar.com.ar\/index.php?rest_route=\/wp\/v2\/types\/product"}],"wp:featuredmedia":[{"embeddable":true,"href":"https:\/\/lovenotwar.com.ar\/index.php?rest_route=\/wp\/v2\/media\/2355"}],"wp:attachment":[{"href":"https:\/\/lovenotwar.com.ar\/index.php?rest_route=%2Fwp%2Fv2%2Fmedia&parent=2190"}],"wp:term":[{"taxonomy":"product_brand","embeddable":true,"href":"https:\/\/lovenotwar.com.ar\/index.php?rest_route=%2Fwp%2Fv2%2Fproduct_brand&post=2190"},{"taxonomy":"product_cat","embeddable":true,"href":"https:\/\/lovenotwar.com.ar\/index.php?rest_route=%2Fwp%2Fv2%2Fproduct_cat&post=2190"},{"taxonomy":"product_tag","embeddable":true,"href":"https:\/\/lovenotwar.com.ar\/index.php?rest_route=%2Fwp%2Fv2%2Fproduct_tag&post=2190"}],"curies":[{"name":"wp","href":"https:\/\/api.w.org\/{rel}","templated":true}]}}