{"id":2490,"date":"2026-01-23T20:36:40","date_gmt":"2026-01-23T20:36:40","guid":{"rendered":"https:\/\/lovenotwar.com.ar\/?post_type=product&#038;p=2490"},"modified":"2026-01-23T20:36:41","modified_gmt":"2026-01-23T20:36:41","slug":"aros-red","status":"publish","type":"product","link":"https:\/\/lovenotwar.com.ar\/?product=aros-red","title":{"rendered":"Aros \u00abRed\u00bb"},"content":{"rendered":"","protected":false},"excerpt":{"rendered":"<p>Maxi Aros \u00abRED\u00bb \u2013 Acr\u00edlico Reciclado \/ Love Not War<br \/>\nUna pieza de dise\u00f1o arquitect\u00f3nico y gran formato que impacta por su fuerza y su brillo vibrante. Estos maxi aros combinan la intensidad del rojo con glitter y la estructura del metal plateado, logrando una pieza imponente que se roba todas las miradas con un efecto de luz constante.<br \/>\n* Material: Acr\u00edlico 100% reciclado en Rojo con destellos de glitter y detalles en Metal Plateado.<br \/>\n* Dise\u00f1o: Composici\u00f3n maxi articulada. La estructura geom\u00e9trica de gran escala en rojo brillante se integra mediante una barra central de metal plateado que funciona como eje, permitiendo un movimiento din\u00e1mico que potencia el brillo del material.<br \/>\n* Sujeci\u00f3n: Pasante de metal hipoalerg\u00e9nico con tope de seguridad. Su formato extra grande es sumamente liviano, permitiendo llevar un accesorio con mucho volumen sin que pese.<br \/>\n* Sostenibilidad: Moda circular de autor. Transformamos descartes recuperados en accesorios XL con alma festiva y consciente.<\/p>\n","protected":false},"featured_media":2491,"template":"","meta":{"site-sidebar-layout":"default","site-content-layout":"default","ast-global-header-display":"","ast-main-header-display":"","ast-hfb-above-header-display":"","ast-hfb-below-header-display":"","ast-hfb-mobile-header-display":"","site-post-title":"","ast-breadcrumbs-content":"","ast-featured-img":"","footer-sml-layout":"","theme-transparent-header-meta":"default","adv-header-id-meta":"","stick-header-meta":"","header-above-stick-meta":"","header-main-stick-meta":"","header-below-stick-meta":""},"product_brand":[],"product_cat":[37],"product_tag":[],"class_list":{"0":"post-2490","1":"product","2":"type-product","3":"status-publish","4":"has-post-thumbnail","6":"product_cat-aros","7":"desktop-align-left","8":"tablet-align-left","9":"mobile-align-left","11":"first","12":"instock","13":"taxable","14":"shipping-taxable","15":"purchasable","16":"product-type-simple"},"aioseo_notices":[],"_links":{"self":[{"href":"https:\/\/lovenotwar.com.ar\/index.php?rest_route=\/wp\/v2\/product\/2490","targetHints":{"allow":["GET"]}}],"collection":[{"href":"https:\/\/lovenotwar.com.ar\/index.php?rest_route=\/wp\/v2\/product"}],"about":[{"href":"https:\/\/lovenotwar.com.ar\/index.php?rest_route=\/wp\/v2\/types\/product"}],"wp:featuredmedia":[{"embeddable":true,"href":"https:\/\/lovenotwar.com.ar\/index.php?rest_route=\/wp\/v2\/media\/2491"}],"wp:attachment":[{"href":"https:\/\/lovenotwar.com.ar\/index.php?rest_route=%2Fwp%2Fv2%2Fmedia&parent=2490"}],"wp:term":[{"taxonomy":"product_brand","embeddable":true,"href":"https:\/\/lovenotwar.com.ar\/index.php?rest_route=%2Fwp%2Fv2%2Fproduct_brand&post=2490"},{"taxonomy":"product_cat","embeddable":true,"href":"https:\/\/lovenotwar.com.ar\/index.php?rest_route=%2Fwp%2Fv2%2Fproduct_cat&post=2490"},{"taxonomy":"product_tag","embeddable":true,"href":"https:\/\/lovenotwar.com.ar\/index.php?rest_route=%2Fwp%2Fv2%2Fproduct_tag&post=2490"}],"curies":[{"name":"wp","href":"https:\/\/api.w.org\/{rel}","templated":true}]}}