{"id":2525,"date":"2026-01-30T12:54:26","date_gmt":"2026-01-30T12:54:26","guid":{"rendered":"https:\/\/lovenotwar.com.ar\/?post_type=product&#038;p=2525"},"modified":"2026-01-30T12:54:26","modified_gmt":"2026-01-30T12:54:26","slug":"remera-intuicion","status":"publish","type":"product","link":"https:\/\/lovenotwar.com.ar\/?product=remera-intuicion","title":{"rendered":"Remera Intuici\u00f3n"},"content":{"rendered":"","protected":false},"excerpt":{"rendered":"<p>Remera Intuici\u00f3n<br \/>\nLlev\u00e1 con vos el significado de tu superpoder con una prenda dise\u00f1ada para acompa\u00f1arte mucho tiempo.<br \/>\n* Material: 100% Jersey de Algod\u00f3n, una fibra natural que deja respirar tu piel y ofrece una suavidad superior.<br \/>\n* Estampa Premium: Realizada en DTF, lo que asegura colores n\u00edtidos (como el rojo caracter\u00edstico de Red) y una alta resistencia que no se cuartea con el uso.<br \/>\n* Corte: Dise\u00f1o de cuello redondo y manga corta con calce cl\u00e1sico y c\u00f3modo.<br \/>\nCalidad que trasciende<br \/>\nCreemos en la sostenibilidad a trav\u00e9s de la durabilidad. No es solo una remera, es una pieza de buena confecci\u00f3n hecha para durar:<br \/>\n* Consumo Responsable: Al elegir materiales naturales y t\u00e9cnicas de estampado duraderas, extendemos la vida \u00fatil de la prenda, reduciendo la necesidad de reposici\u00f3n constante.<br \/>\n* Resistencia: Costuras firmes y algod\u00f3n de calidad que mantiene su forma lavado tras lavado.<\/p>\n","protected":false},"featured_media":2526,"template":"","meta":{"site-sidebar-layout":"default","site-content-layout":"default","ast-global-header-display":"","ast-main-header-display":"","ast-hfb-above-header-display":"","ast-hfb-below-header-display":"","ast-hfb-mobile-header-display":"","site-post-title":"","ast-breadcrumbs-content":"","ast-featured-img":"","footer-sml-layout":"","theme-transparent-header-meta":"default","adv-header-id-meta":"","stick-header-meta":"","header-above-stick-meta":"","header-main-stick-meta":"","header-below-stick-meta":""},"product_brand":[],"product_cat":[49],"product_tag":[],"class_list":{"0":"post-2525","1":"product","2":"type-product","3":"status-publish","4":"has-post-thumbnail","6":"product_cat-remeras","7":"desktop-align-left","8":"tablet-align-left","9":"mobile-align-left","11":"first","12":"instock","13":"taxable","14":"shipping-taxable","15":"purchasable","16":"product-type-simple"},"aioseo_notices":[],"_links":{"self":[{"href":"https:\/\/lovenotwar.com.ar\/index.php?rest_route=\/wp\/v2\/product\/2525","targetHints":{"allow":["GET"]}}],"collection":[{"href":"https:\/\/lovenotwar.com.ar\/index.php?rest_route=\/wp\/v2\/product"}],"about":[{"href":"https:\/\/lovenotwar.com.ar\/index.php?rest_route=\/wp\/v2\/types\/product"}],"wp:featuredmedia":[{"embeddable":true,"href":"https:\/\/lovenotwar.com.ar\/index.php?rest_route=\/wp\/v2\/media\/2526"}],"wp:attachment":[{"href":"https:\/\/lovenotwar.com.ar\/index.php?rest_route=%2Fwp%2Fv2%2Fmedia&parent=2525"}],"wp:term":[{"taxonomy":"product_brand","embeddable":true,"href":"https:\/\/lovenotwar.com.ar\/index.php?rest_route=%2Fwp%2Fv2%2Fproduct_brand&post=2525"},{"taxonomy":"product_cat","embeddable":true,"href":"https:\/\/lovenotwar.com.ar\/index.php?rest_route=%2Fwp%2Fv2%2Fproduct_cat&post=2525"},{"taxonomy":"product_tag","embeddable":true,"href":"https:\/\/lovenotwar.com.ar\/index.php?rest_route=%2Fwp%2Fv2%2Fproduct_tag&post=2525"}],"curies":[{"name":"wp","href":"https:\/\/api.w.org\/{rel}","templated":true}]}}