{"id":2562,"date":"2026-02-02T12:28:57","date_gmt":"2026-02-02T12:28:57","guid":{"rendered":"https:\/\/lovenotwar.com.ar\/?post_type=product&#038;p=2562"},"modified":"2026-02-02T12:52:53","modified_gmt":"2026-02-02T12:52:53","slug":"2562","status":"publish","type":"product","link":"https:\/\/lovenotwar.com.ar\/?product=2562","title":{"rendered":"Botella Tu poder"},"content":{"rendered":"","protected":false},"excerpt":{"rendered":"<p>Botella de Aluminio Tu Poder<br \/>\nUn recordatorio salvaje de tu propia fuerza y de la energ\u00eda que te respalda. Esta botella est\u00e1 dise\u00f1ada para quienes no temen mostrarse tal cual son y eligen vivir con intensidad, coraje y una fe inquebrantable en su proceso.<br \/>\n* Capacidad: 500 cc, el tama\u00f1o ideal para acompa\u00f1arte en tus desaf\u00edos diarios y mantener tu energ\u00eda al m\u00e1ximo.<br \/>\n* Material: Aluminio de alta calidad con interior esmaltado, combinando una ligereza extrema con la resistencia necesaria para el uso cotidiano.<br \/>\n* Dise\u00f1o y T\u00e9cnica: Destaca la ilustraci\u00f3n de un jaguar en tonos naranjas y negros, s\u00edmbolo de poder y determinaci\u00f3n, acompa\u00f1ada de la frase en fucsia: \u00abHAZLE UN FAVOR AL UNIVERSO Y NO ESCONDAS TU PODER DIOS M\u00cdO\u00bb.<br \/>\n* Sublimaci\u00f3n Premium: El dise\u00f1o se aplica mediante sublimaci\u00f3n de alta temperatura, logrando que los colores se fundan con el aluminio. Esto garantiza un acabado brillante, suave al tacto y que la estampa no se salte ni se raye con el tiempo.<br \/>\n* Funcionalidad: Cuenta con tapa a rosca de cierre herm\u00e9tico y un mosquet\u00f3n reforzado, pensada para que la lleves con vos a cualquier lugar sin complicaciones.<br \/>\nCalidad con Impacto<br \/>\nEn Red, creamos productos que resuenan con tu identidad y cuidan tu entorno:<br \/>\n* Sustentabilidad: Al elegir esta botella reutilizable y libre de BPA, est\u00e1s eliminando el consumo de pl\u00e1sticos de un solo uso, alineando tus acciones con un estilo de vida consciente.<br \/>\n* Durabilidad Extrema: La construcci\u00f3n en aluminio sumada a la t\u00e9cnica de sublimaci\u00f3n asegura que tanto la estructura como el arte del jaguar resistan el paso del tiempo y el uso intensivo, manteni\u00e9ndose impecables viaje tras viaje.<\/p>\n","protected":false},"featured_media":2563,"template":"","meta":{"site-sidebar-layout":"default","site-content-layout":"default","ast-global-header-display":"","ast-main-header-display":"","ast-hfb-above-header-display":"","ast-hfb-below-header-display":"","ast-hfb-mobile-header-display":"","site-post-title":"","ast-breadcrumbs-content":"","ast-featured-img":"","footer-sml-layout":"","theme-transparent-header-meta":"default","adv-header-id-meta":"","stick-header-meta":"","header-above-stick-meta":"","header-main-stick-meta":"","header-below-stick-meta":""},"product_brand":[],"product_cat":[47],"product_tag":[],"class_list":{"0":"post-2562","1":"product","2":"type-product","3":"status-publish","4":"has-post-thumbnail","6":"product_cat-botella","7":"desktop-align-left","8":"tablet-align-left","9":"mobile-align-left","11":"first","12":"instock","13":"taxable","14":"shipping-taxable","15":"purchasable","16":"product-type-simple"},"aioseo_notices":[],"_links":{"self":[{"href":"https:\/\/lovenotwar.com.ar\/index.php?rest_route=\/wp\/v2\/product\/2562","targetHints":{"allow":["GET"]}}],"collection":[{"href":"https:\/\/lovenotwar.com.ar\/index.php?rest_route=\/wp\/v2\/product"}],"about":[{"href":"https:\/\/lovenotwar.com.ar\/index.php?rest_route=\/wp\/v2\/types\/product"}],"wp:featuredmedia":[{"embeddable":true,"href":"https:\/\/lovenotwar.com.ar\/index.php?rest_route=\/wp\/v2\/media\/2563"}],"wp:attachment":[{"href":"https:\/\/lovenotwar.com.ar\/index.php?rest_route=%2Fwp%2Fv2%2Fmedia&parent=2562"}],"wp:term":[{"taxonomy":"product_brand","embeddable":true,"href":"https:\/\/lovenotwar.com.ar\/index.php?rest_route=%2Fwp%2Fv2%2Fproduct_brand&post=2562"},{"taxonomy":"product_cat","embeddable":true,"href":"https:\/\/lovenotwar.com.ar\/index.php?rest_route=%2Fwp%2Fv2%2Fproduct_cat&post=2562"},{"taxonomy":"product_tag","embeddable":true,"href":"https:\/\/lovenotwar.com.ar\/index.php?rest_route=%2Fwp%2Fv2%2Fproduct_tag&post=2562"}],"curies":[{"name":"wp","href":"https:\/\/api.w.org\/{rel}","templated":true}]}}