{"id":2566,"date":"2026-02-02T12:34:10","date_gmt":"2026-02-02T12:34:10","guid":{"rendered":"https:\/\/lovenotwar.com.ar\/?post_type=product&#038;p=2566"},"modified":"2026-02-02T12:55:12","modified_gmt":"2026-02-02T12:55:12","slug":"botella-corazon-sagrado","status":"publish","type":"product","link":"https:\/\/lovenotwar.com.ar\/?product=botella-corazon-sagrado","title":{"rendered":"Botella Coraz\u00f3n Sagrado"},"content":{"rendered":"","protected":false},"excerpt":{"rendered":"<p>Botella de Aluminio Coraz\u00f3n Sagrado<br \/>\nUna explosi\u00f3n de color y protecci\u00f3n. Esta botella est\u00e1 inspirada en la iconograf\u00eda del coraz\u00f3n m\u00edstico, dise\u00f1ada para quienes llevan su pasi\u00f3n y su energ\u00eda a la vista de todos.<br \/>\n* Capacidad: 500 cc, el tama\u00f1o perfecto para que nunca te falte hidrataci\u00f3n en tus d\u00edas m\u00e1s intensos.<br \/>\n* Material: Aluminio de alta calidad con interior esmaltado, ligera pero sumamente resistente para acompa\u00f1arte a todos lados.<br \/>\n* Dise\u00f1o y T\u00e9cnica: Estampa integral con un coraz\u00f3n sagrado central en fucsia vibrante, rodeado de un aura celeste y detalles en naranja y amarillo.<br \/>\n* Sublimaci\u00f3n Premium: El dise\u00f1o se aplica mediante t\u00e9cnica de sublimaci\u00f3n, donde los pigmentos se integran al aluminio por calor. Esto garantiza colores ultra vibrantes, un acabado liso sin relieve y una resistencia total a los rayones y al desgaste.<br \/>\n* Funcionalidad: Viene con tapa a rosca de cierre herm\u00e9tico y mosquet\u00f3n reforzado, ideal para colgarla de tu mochila y llevar tu estilo a cualquier lugar.<br \/>\nCalidad con Consciencia<br \/>\nEn Red, dise\u00f1amos piezas que cuidan tu bienestar y el del planeta:<br \/>\n* Sustentabilidad: Una opci\u00f3n 100% reutilizable que te permite dejar de lado las botellas de pl\u00e1stico descartables, reduciendo tu impacto ambiental con cada recarga.<br \/>\n* Durabilidad Extrema: El aluminio, junto con la fijaci\u00f3n por sublimaci\u00f3n, garantiza que el dise\u00f1o y la estructura resistan el paso del tiempo y el uso diario sin perder su color ni su esencia.<\/p>\n","protected":false},"featured_media":2567,"template":"","meta":{"site-sidebar-layout":"default","site-content-layout":"default","ast-global-header-display":"","ast-main-header-display":"","ast-hfb-above-header-display":"","ast-hfb-below-header-display":"","ast-hfb-mobile-header-display":"","site-post-title":"","ast-breadcrumbs-content":"","ast-featured-img":"","footer-sml-layout":"","theme-transparent-header-meta":"default","adv-header-id-meta":"","stick-header-meta":"","header-above-stick-meta":"","header-main-stick-meta":"","header-below-stick-meta":""},"product_brand":[],"product_cat":[47],"product_tag":[],"class_list":{"0":"post-2566","1":"product","2":"type-product","3":"status-publish","4":"has-post-thumbnail","6":"product_cat-botella","7":"desktop-align-left","8":"tablet-align-left","9":"mobile-align-left","11":"first","12":"instock","13":"taxable","14":"shipping-taxable","15":"purchasable","16":"product-type-simple"},"aioseo_notices":[],"_links":{"self":[{"href":"https:\/\/lovenotwar.com.ar\/index.php?rest_route=\/wp\/v2\/product\/2566","targetHints":{"allow":["GET"]}}],"collection":[{"href":"https:\/\/lovenotwar.com.ar\/index.php?rest_route=\/wp\/v2\/product"}],"about":[{"href":"https:\/\/lovenotwar.com.ar\/index.php?rest_route=\/wp\/v2\/types\/product"}],"wp:featuredmedia":[{"embeddable":true,"href":"https:\/\/lovenotwar.com.ar\/index.php?rest_route=\/wp\/v2\/media\/2567"}],"wp:attachment":[{"href":"https:\/\/lovenotwar.com.ar\/index.php?rest_route=%2Fwp%2Fv2%2Fmedia&parent=2566"}],"wp:term":[{"taxonomy":"product_brand","embeddable":true,"href":"https:\/\/lovenotwar.com.ar\/index.php?rest_route=%2Fwp%2Fv2%2Fproduct_brand&post=2566"},{"taxonomy":"product_cat","embeddable":true,"href":"https:\/\/lovenotwar.com.ar\/index.php?rest_route=%2Fwp%2Fv2%2Fproduct_cat&post=2566"},{"taxonomy":"product_tag","embeddable":true,"href":"https:\/\/lovenotwar.com.ar\/index.php?rest_route=%2Fwp%2Fv2%2Fproduct_tag&post=2566"}],"curies":[{"name":"wp","href":"https:\/\/api.w.org\/{rel}","templated":true}]}}