{"id":2571,"date":"2026-02-02T12:42:23","date_gmt":"2026-02-02T12:42:23","guid":{"rendered":"https:\/\/lovenotwar.com.ar\/?post_type=product&#038;p=2571"},"modified":"2026-02-02T12:57:29","modified_gmt":"2026-02-02T12:57:29","slug":"botella-proteccion","status":"publish","type":"product","link":"https:\/\/lovenotwar.com.ar\/?product=botella-proteccion","title":{"rendered":"Botella Proteccion"},"content":{"rendered":"","protected":false},"excerpt":{"rendered":"<p>Botella de Aluminio Protecci\u00f3n<br \/>\nLlev\u00e1 con vos la energ\u00eda del sol y la seguridad de los n\u00fameros angelicales. Esta botella est\u00e1 dise\u00f1ada para ser tu compa\u00f1era fiel, protegiendo tu bienestar mientras te manten\u00e9s hidratado con estilo.<br \/>\n* Capacidad: 500 cc, el tama\u00f1o ideal para acompa\u00f1arte en tu jornada diaria, ya sea en la oficina, el gimnasio o al aire libre.<br \/>\n* Material: Aluminio de alta calidad con interior esmaltado, garantizando una pieza liviana, resistente y duradera que mantiene la frescura de tus bebidas.<br \/>\n* Dise\u00f1o y T\u00e9cnica: Estampa integral en tonos dorados sobre fondo crema, destacando un sol radiante, elementos astron\u00f3micos y el n\u00famero angelical 444 junto a la palabra \u00abProtection\u00bb.<br \/>\n* Sublimaci\u00f3n de Alta Definici\u00f3n: El dise\u00f1o se transfiere mediante calor, fundiendo las tintas directamente en el aluminio. Esta t\u00e9cnica garantiza que los detalles astron\u00f3micos no se borren, no se pelen y mantengan su brillo original a pesar del uso diario.<br \/>\n* Funcionalidad: Incluye tapa a rosca de cierre herm\u00e9tico con mosquet\u00f3n integrado, facilitando su transporte seguro en cualquier bolso o mochila.<br \/>\nCalidad con Prop\u00f3sito<br \/>\nEn Red, cada producto es una herramienta para un estilo de vida m\u00e1s consciente:<br \/>\n* Sustentabilidad: Una opci\u00f3n reutilizable y duradera que te ayuda a eliminar el uso de pl\u00e1sticos descartables, cuidando el medio ambiente en cada recarga.<br \/>\n* Resistencia Premium: El aluminio, reforzado por el acabado de la sublimaci\u00f3n, asegura que el dise\u00f1o y la estructura de la botella resistan el uso intensivo sin perder su est\u00e9tica m\u00edstica.<\/p>\n","protected":false},"featured_media":2572,"template":"","meta":{"site-sidebar-layout":"default","site-content-layout":"default","ast-global-header-display":"","ast-main-header-display":"","ast-hfb-above-header-display":"","ast-hfb-below-header-display":"","ast-hfb-mobile-header-display":"","site-post-title":"","ast-breadcrumbs-content":"","ast-featured-img":"","footer-sml-layout":"","theme-transparent-header-meta":"default","adv-header-id-meta":"","stick-header-meta":"","header-above-stick-meta":"","header-main-stick-meta":"","header-below-stick-meta":""},"product_brand":[],"product_cat":[47],"product_tag":[],"class_list":{"0":"post-2571","1":"product","2":"type-product","3":"status-publish","4":"has-post-thumbnail","6":"product_cat-botella","7":"desktop-align-left","8":"tablet-align-left","9":"mobile-align-left","11":"first","12":"instock","13":"taxable","14":"shipping-taxable","15":"purchasable","16":"product-type-simple"},"aioseo_notices":[],"_links":{"self":[{"href":"https:\/\/lovenotwar.com.ar\/index.php?rest_route=\/wp\/v2\/product\/2571","targetHints":{"allow":["GET"]}}],"collection":[{"href":"https:\/\/lovenotwar.com.ar\/index.php?rest_route=\/wp\/v2\/product"}],"about":[{"href":"https:\/\/lovenotwar.com.ar\/index.php?rest_route=\/wp\/v2\/types\/product"}],"wp:featuredmedia":[{"embeddable":true,"href":"https:\/\/lovenotwar.com.ar\/index.php?rest_route=\/wp\/v2\/media\/2572"}],"wp:attachment":[{"href":"https:\/\/lovenotwar.com.ar\/index.php?rest_route=%2Fwp%2Fv2%2Fmedia&parent=2571"}],"wp:term":[{"taxonomy":"product_brand","embeddable":true,"href":"https:\/\/lovenotwar.com.ar\/index.php?rest_route=%2Fwp%2Fv2%2Fproduct_brand&post=2571"},{"taxonomy":"product_cat","embeddable":true,"href":"https:\/\/lovenotwar.com.ar\/index.php?rest_route=%2Fwp%2Fv2%2Fproduct_cat&post=2571"},{"taxonomy":"product_tag","embeddable":true,"href":"https:\/\/lovenotwar.com.ar\/index.php?rest_route=%2Fwp%2Fv2%2Fproduct_tag&post=2571"}],"curies":[{"name":"wp","href":"https:\/\/api.w.org\/{rel}","templated":true}]}}