{"id":2581,"date":"2026-02-02T13:45:14","date_gmt":"2026-02-02T13:45:14","guid":{"rendered":"https:\/\/lovenotwar.com.ar\/?post_type=product&#038;p=2581"},"modified":"2026-02-02T13:45:14","modified_gmt":"2026-02-02T13:45:14","slug":"botella-ojo-turco","status":"publish","type":"product","link":"https:\/\/lovenotwar.com.ar\/?product=botella-ojo-turco","title":{"rendered":"Botella Ojo Turco"},"content":{"rendered":"","protected":false},"excerpt":{"rendered":"<p>Botella de Aluminio Ojo Turco<br \/>\nManten\u00e9 tu energ\u00eda limpia y tu hidrataci\u00f3n al d\u00eda. Esta botella no es solo un accesorio funcional, es un amuleto de protecci\u00f3n dise\u00f1ado para acompa\u00f1arte en cada paso de tu rutina diaria.<br \/>\n* Capacidad: 500 cc, el tama\u00f1o perfecto para llevar en la mochila, el bolso o colgada gracias a su dise\u00f1o ligero y pr\u00e1ctico.<br \/>\n* Material: Aluminio de alta resistencia con interior esmaltado, que mantiene tus bebidas frescas por m\u00e1s tiempo y asegura una larga vida \u00fatil.<br \/>\n* Dise\u00f1o y T\u00e9cnica: Estampa integral de ojos turcos en azul profundo con detalles en dorado, simbolizando protecci\u00f3n y buena energ\u00eda.<br \/>\n* Sublimaci\u00f3n de Alta Gama: El dise\u00f1o se transfiere mediante calor, fundiendo las tintas directamente en el cuerpo de la botella. Esto garantiza un acabado brillante y n\u00edtido que no se raya, no se descascara y resiste el uso rudo del d\u00eda a d\u00eda.<br \/>\n* Funcionalidad: Incluye tapa a rosca herm\u00e9tica con mosquet\u00f3n reforzado, ideal para enganchar y llevar a todos lados sin riesgo de p\u00e9rdidas.<br \/>\nCalidad con Consciencia<br \/>\nEn Red, apostamos a productos que cuiden el planeta tanto como a vos:<br \/>\n* Eco-Friendly: Reutilizable y libre de BPA, es la alternativa perfecta al pl\u00e1stico de un solo uso para reducir tu huella ambiental.<br \/>\n* Durabilidad Extrema: El aluminio, potenciado por la t\u00e9cnica de sublimaci\u00f3n, garantiza que tu botella resista golpes y traslados diarios sin perder su forma ni la intensidad de su dise\u00f1o m\u00edstico<\/p>\n","protected":false},"featured_media":2582,"template":"","meta":{"site-sidebar-layout":"default","site-content-layout":"default","ast-global-header-display":"","ast-main-header-display":"","ast-hfb-above-header-display":"","ast-hfb-below-header-display":"","ast-hfb-mobile-header-display":"","site-post-title":"","ast-breadcrumbs-content":"","ast-featured-img":"","footer-sml-layout":"","theme-transparent-header-meta":"default","adv-header-id-meta":"","stick-header-meta":"","header-above-stick-meta":"","header-main-stick-meta":"","header-below-stick-meta":""},"product_brand":[],"product_cat":[47],"product_tag":[],"class_list":{"0":"post-2581","1":"product","2":"type-product","3":"status-publish","4":"has-post-thumbnail","6":"product_cat-botella","7":"desktop-align-left","8":"tablet-align-left","9":"mobile-align-left","11":"first","12":"instock","13":"taxable","14":"shipping-taxable","15":"purchasable","16":"product-type-simple"},"aioseo_notices":[],"_links":{"self":[{"href":"https:\/\/lovenotwar.com.ar\/index.php?rest_route=\/wp\/v2\/product\/2581","targetHints":{"allow":["GET"]}}],"collection":[{"href":"https:\/\/lovenotwar.com.ar\/index.php?rest_route=\/wp\/v2\/product"}],"about":[{"href":"https:\/\/lovenotwar.com.ar\/index.php?rest_route=\/wp\/v2\/types\/product"}],"wp:featuredmedia":[{"embeddable":true,"href":"https:\/\/lovenotwar.com.ar\/index.php?rest_route=\/wp\/v2\/media\/2582"}],"wp:attachment":[{"href":"https:\/\/lovenotwar.com.ar\/index.php?rest_route=%2Fwp%2Fv2%2Fmedia&parent=2581"}],"wp:term":[{"taxonomy":"product_brand","embeddable":true,"href":"https:\/\/lovenotwar.com.ar\/index.php?rest_route=%2Fwp%2Fv2%2Fproduct_brand&post=2581"},{"taxonomy":"product_cat","embeddable":true,"href":"https:\/\/lovenotwar.com.ar\/index.php?rest_route=%2Fwp%2Fv2%2Fproduct_cat&post=2581"},{"taxonomy":"product_tag","embeddable":true,"href":"https:\/\/lovenotwar.com.ar\/index.php?rest_route=%2Fwp%2Fv2%2Fproduct_tag&post=2581"}],"curies":[{"name":"wp","href":"https:\/\/api.w.org\/{rel}","templated":true}]}}