{"id":2615,"date":"2026-02-04T12:49:53","date_gmt":"2026-02-04T12:49:53","guid":{"rendered":"https:\/\/lovenotwar.com.ar\/?post_type=product&#038;p=2615"},"modified":"2026-02-04T12:50:32","modified_gmt":"2026-02-04T12:50:32","slug":"taza-iemanja","status":"publish","type":"product","link":"https:\/\/lovenotwar.com.ar\/?product=taza-iemanja","title":{"rendered":"Taza Iemanja"},"content":{"rendered":"","protected":false},"excerpt":{"rendered":"<p>Taza de Cer\u00e1mica Iemanj\u00e1<br \/>\nConect\u00e1 con la energ\u00eda protectora y purificadora del mar. Esta pieza rinde homenaje a la Orix\u00e1 Iemanj\u00e1, madre de las aguas, en un dise\u00f1o que transmite paz, abundancia y serenidad para tus momentos de pausa.<br \/>\n* Material: Cer\u00e1mica premium de color blanco, con un acabado brillante que resalta la profundidad de los colores y la delicadeza del arte.<br \/>\n* Dise\u00f1o y T\u00e9cnica: Presenta una ilustraci\u00f3n central detallada de Iemanj\u00e1 con su caracter\u00edstico manto celeste, rodeada de flores blancas, nen\u00fafares y una peon\u00eda azul en la base. Su aura est\u00e1 custodiada por colibr\u00edes, simbolizando la gu\u00eda y la protecci\u00f3n espiritual.<br \/>\n* Sublimaci\u00f3n de Alta Definici\u00f3n: Al igual que toda nuestra l\u00ednea de bazar, el arte es sublimado. Esta t\u00e9cnica permite que la imagen se fusione con la cer\u00e1mica, asegurando que los detalles m\u00e1s finos y las transparencias del manto se mantengan intactos, sin relieve y resistentes al paso del tiempo.<br \/>\n* Funcionalidad: Posee un asa c\u00f3moda y ergon\u00f3mica. Es totalmente apta para microondas y lavavajillas, manteniendo la intensidad del dise\u00f1o lavado tras lavado.<br \/>\nEspiritualidad y Calidad<br \/>\nEn Red, cada objeto es un puente hacia lo que crees:<br \/>\n* Simbolismo: Ideal para quienes buscan un objeto con intenci\u00f3n, trayendo la frescura y la fuerza del oc\u00e9ano a tu hogar.<br \/>\n* Resistencia: Fabricada para durar, combinando un material robusto con una impresi\u00f3n que no se salta ni se desgasta.<\/p>\n","protected":false},"featured_media":2616,"template":"","meta":{"site-sidebar-layout":"default","site-content-layout":"default","ast-global-header-display":"","ast-main-header-display":"","ast-hfb-above-header-display":"","ast-hfb-below-header-display":"","ast-hfb-mobile-header-display":"","site-post-title":"","ast-breadcrumbs-content":"","ast-featured-img":"","footer-sml-layout":"","theme-transparent-header-meta":"default","adv-header-id-meta":"","stick-header-meta":"","header-above-stick-meta":"","header-main-stick-meta":"","header-below-stick-meta":""},"product_brand":[],"product_cat":[21],"product_tag":[],"class_list":{"0":"post-2615","1":"product","2":"type-product","3":"status-publish","4":"has-post-thumbnail","6":"product_cat-tazas","7":"desktop-align-left","8":"tablet-align-left","9":"mobile-align-left","11":"first","12":"instock","13":"taxable","14":"shipping-taxable","15":"purchasable","16":"product-type-simple"},"aioseo_notices":[],"_links":{"self":[{"href":"https:\/\/lovenotwar.com.ar\/index.php?rest_route=\/wp\/v2\/product\/2615","targetHints":{"allow":["GET"]}}],"collection":[{"href":"https:\/\/lovenotwar.com.ar\/index.php?rest_route=\/wp\/v2\/product"}],"about":[{"href":"https:\/\/lovenotwar.com.ar\/index.php?rest_route=\/wp\/v2\/types\/product"}],"wp:featuredmedia":[{"embeddable":true,"href":"https:\/\/lovenotwar.com.ar\/index.php?rest_route=\/wp\/v2\/media\/2616"}],"wp:attachment":[{"href":"https:\/\/lovenotwar.com.ar\/index.php?rest_route=%2Fwp%2Fv2%2Fmedia&parent=2615"}],"wp:term":[{"taxonomy":"product_brand","embeddable":true,"href":"https:\/\/lovenotwar.com.ar\/index.php?rest_route=%2Fwp%2Fv2%2Fproduct_brand&post=2615"},{"taxonomy":"product_cat","embeddable":true,"href":"https:\/\/lovenotwar.com.ar\/index.php?rest_route=%2Fwp%2Fv2%2Fproduct_cat&post=2615"},{"taxonomy":"product_tag","embeddable":true,"href":"https:\/\/lovenotwar.com.ar\/index.php?rest_route=%2Fwp%2Fv2%2Fproduct_tag&post=2615"}],"curies":[{"name":"wp","href":"https:\/\/api.w.org\/{rel}","templated":true}]}}