{"id":2655,"date":"2026-02-07T17:09:40","date_gmt":"2026-02-07T17:09:40","guid":{"rendered":"https:\/\/lovenotwar.com.ar\/?post_type=product&#038;p=2655"},"modified":"2026-02-07T17:10:07","modified_gmt":"2026-02-07T17:10:07","slug":"2655","status":"publish","type":"product","link":"https:\/\/lovenotwar.com.ar\/?product=2655","title":{"rendered":"Aros Maia"},"content":{"rendered":"","protected":false},"excerpt":{"rendered":"<p>Aros Maia<br \/>\nMinimalismo arquitect\u00f3nico en blanco puro. Un dise\u00f1o que juega con la geometr\u00eda y el vac\u00edo para crear una pieza de gran impacto visual, inspirada en la fuerza de la simplicidad y la luz.<br \/>\n* Material: Acr\u00edlico reciclado de alta densidad en acabado blanco mate pleno.<br \/>\n* Dise\u00f1o: Un juego de marcos cuadrados: una base s\u00f3lida superior que sostiene un marco calado inferior, aportando aire y ligereza a una estructura con mucha presencia.<br \/>\n* Sujeci\u00f3n: Pasante de metal hipoalerg\u00e9nico con tope de seguridad. Su materialidad los hace ultra livianos, permitiendo lucir un tama\u00f1o importante con total comodidad.<br \/>\n* Sostenibilidad: Creados bajo procesos de residuo cero, aprovechando excedentes de acr\u00edlico industrial para dar vida a piezas de dise\u00f1o circular con m\u00ednima huella ambiental.<\/p>\n","protected":false},"featured_media":2656,"template":"","meta":{"site-sidebar-layout":"default","site-content-layout":"default","ast-global-header-display":"","ast-main-header-display":"","ast-hfb-above-header-display":"","ast-hfb-below-header-display":"","ast-hfb-mobile-header-display":"","site-post-title":"","ast-breadcrumbs-content":"","ast-featured-img":"","footer-sml-layout":"","theme-transparent-header-meta":"default","adv-header-id-meta":"","stick-header-meta":"","header-above-stick-meta":"","header-main-stick-meta":"","header-below-stick-meta":""},"product_brand":[],"product_cat":[37],"product_tag":[],"class_list":{"0":"post-2655","1":"product","2":"type-product","3":"status-publish","4":"has-post-thumbnail","6":"product_cat-aros","7":"desktop-align-left","8":"tablet-align-left","9":"mobile-align-left","11":"first","12":"instock","13":"taxable","14":"shipping-taxable","15":"purchasable","16":"product-type-simple"},"aioseo_notices":[],"_links":{"self":[{"href":"https:\/\/lovenotwar.com.ar\/index.php?rest_route=\/wp\/v2\/product\/2655","targetHints":{"allow":["GET"]}}],"collection":[{"href":"https:\/\/lovenotwar.com.ar\/index.php?rest_route=\/wp\/v2\/product"}],"about":[{"href":"https:\/\/lovenotwar.com.ar\/index.php?rest_route=\/wp\/v2\/types\/product"}],"wp:featuredmedia":[{"embeddable":true,"href":"https:\/\/lovenotwar.com.ar\/index.php?rest_route=\/wp\/v2\/media\/2656"}],"wp:attachment":[{"href":"https:\/\/lovenotwar.com.ar\/index.php?rest_route=%2Fwp%2Fv2%2Fmedia&parent=2655"}],"wp:term":[{"taxonomy":"product_brand","embeddable":true,"href":"https:\/\/lovenotwar.com.ar\/index.php?rest_route=%2Fwp%2Fv2%2Fproduct_brand&post=2655"},{"taxonomy":"product_cat","embeddable":true,"href":"https:\/\/lovenotwar.com.ar\/index.php?rest_route=%2Fwp%2Fv2%2Fproduct_cat&post=2655"},{"taxonomy":"product_tag","embeddable":true,"href":"https:\/\/lovenotwar.com.ar\/index.php?rest_route=%2Fwp%2Fv2%2Fproduct_tag&post=2655"}],"curies":[{"name":"wp","href":"https:\/\/api.w.org\/{rel}","templated":true}]}}