{"id":2676,"date":"2026-02-07T21:43:55","date_gmt":"2026-02-07T21:43:55","guid":{"rendered":"https:\/\/lovenotwar.com.ar\/?post_type=product&#038;p=2676"},"modified":"2026-02-07T21:43:55","modified_gmt":"2026-02-07T21:43:55","slug":"aros-luna","status":"publish","type":"product","link":"https:\/\/lovenotwar.com.ar\/?product=aros-luna","title":{"rendered":"Aros Luna"},"content":{"rendered":"","protected":false},"excerpt":{"rendered":"<p>Aros Luna<br \/>\nInspirados en la luz lunar. El acabado perlado y el volumen de estas argollas aportan una luminosidad \u00fanica al rostro con un estilo muy chic.<br \/>\n* Sujeci\u00f3n: Pasante hipoalerg\u00e9nico con tope de seguridad. Dise\u00f1ados para ser ultra livianos, evitando cualquier tipo de tironeo.<br \/>\n* Material: Acr\u00edlico reciclado con efecto marmoleado perlado en tonos blancos y n\u00e1car.<br \/>\n* Dise\u00f1o: Argollas de cuerpo grueso y di\u00e1metro medio, con una textura visual que imita la piedra natural.<br \/>\n* Sostenibilidad: Fabricados bajo procesos de dise\u00f1o circular aprovechando descartes de acr\u00edlico premium<\/p>\n","protected":false},"featured_media":2677,"template":"","meta":{"site-sidebar-layout":"default","site-content-layout":"default","ast-global-header-display":"","ast-main-header-display":"","ast-hfb-above-header-display":"","ast-hfb-below-header-display":"","ast-hfb-mobile-header-display":"","site-post-title":"","ast-breadcrumbs-content":"","ast-featured-img":"","footer-sml-layout":"","theme-transparent-header-meta":"default","adv-header-id-meta":"","stick-header-meta":"","header-above-stick-meta":"","header-main-stick-meta":"","header-below-stick-meta":""},"product_brand":[],"product_cat":[37],"product_tag":[],"class_list":{"0":"post-2676","1":"product","2":"type-product","3":"status-publish","4":"has-post-thumbnail","6":"product_cat-aros","7":"desktop-align-left","8":"tablet-align-left","9":"mobile-align-left","11":"first","12":"instock","13":"taxable","14":"shipping-taxable","15":"purchasable","16":"product-type-simple"},"aioseo_notices":[],"_links":{"self":[{"href":"https:\/\/lovenotwar.com.ar\/index.php?rest_route=\/wp\/v2\/product\/2676","targetHints":{"allow":["GET"]}}],"collection":[{"href":"https:\/\/lovenotwar.com.ar\/index.php?rest_route=\/wp\/v2\/product"}],"about":[{"href":"https:\/\/lovenotwar.com.ar\/index.php?rest_route=\/wp\/v2\/types\/product"}],"wp:featuredmedia":[{"embeddable":true,"href":"https:\/\/lovenotwar.com.ar\/index.php?rest_route=\/wp\/v2\/media\/2677"}],"wp:attachment":[{"href":"https:\/\/lovenotwar.com.ar\/index.php?rest_route=%2Fwp%2Fv2%2Fmedia&parent=2676"}],"wp:term":[{"taxonomy":"product_brand","embeddable":true,"href":"https:\/\/lovenotwar.com.ar\/index.php?rest_route=%2Fwp%2Fv2%2Fproduct_brand&post=2676"},{"taxonomy":"product_cat","embeddable":true,"href":"https:\/\/lovenotwar.com.ar\/index.php?rest_route=%2Fwp%2Fv2%2Fproduct_cat&post=2676"},{"taxonomy":"product_tag","embeddable":true,"href":"https:\/\/lovenotwar.com.ar\/index.php?rest_route=%2Fwp%2Fv2%2Fproduct_tag&post=2676"}],"curies":[{"name":"wp","href":"https:\/\/api.w.org\/{rel}","templated":true}]}}