{"id":425,"date":"2022-08-06T15:34:05","date_gmt":"2022-08-06T15:34:05","guid":{"rendered":"https:\/\/lovenotwar.com.ar\/?post_type=product&#038;p=425"},"modified":"2026-01-23T18:15:24","modified_gmt":"2026-01-23T18:15:24","slug":"aros-hoja-red","status":"publish","type":"product","link":"https:\/\/lovenotwar.com.ar\/?product=aros-hoja-red","title":{"rendered":"Aros \u00abGala\u00bb"},"content":{"rendered":"","protected":false},"excerpt":{"rendered":"<p>Aros \u00abGALA\u00bb \u2013 Acr\u00edlico Reciclado \/ Love Not War<br \/>\nUn dise\u00f1o de alto impacto que juega con la geometr\u00eda pura y la superposici\u00f3n real de planos. La combinaci\u00f3n del Crudo y el Rojo s\u00f3lido resalta la estructura arquitect\u00f3nica de la pieza, logrando un accesorio neto y con mucha fuerza visual.<br \/>\nDetalles del producto:<br \/>\n* Nombre del modelo: GALA.<br \/>\n* Material: Acr\u00edlico 100% reciclado en colores Crudo y Rojo s\u00f3lido.<br \/>\n* Dise\u00f1o: Una pieza geom\u00e9trica roja superpuesta sobre una base de color crudo, creando un relieve f\u00edsico y escalonado.<br \/>\n* Sujeci\u00f3n: Pasante de metal hipoalerg\u00e9nico con tope de seguridad. Su dise\u00f1o est\u00e1 balanceado para que, a pesar de su tama\u00f1o, no pese ni tire del l\u00f3bulo.<br \/>\n* Sostenibilidad: Accesorio producido bajo el concepto de moda circular. Transformamos descartes de acr\u00edlico recuperados en dise\u00f1o de autor con bajo impacto ambiental<\/p>\n","protected":false},"featured_media":2459,"template":"","meta":{"site-sidebar-layout":"default","site-content-layout":"default","ast-global-header-display":"","ast-main-header-display":"","ast-hfb-above-header-display":"","ast-hfb-below-header-display":"","ast-hfb-mobile-header-display":"","site-post-title":"","ast-breadcrumbs-content":"","ast-featured-img":"","footer-sml-layout":"","theme-transparent-header-meta":"default","adv-header-id-meta":"","stick-header-meta":"","header-above-stick-meta":"","header-main-stick-meta":"","header-below-stick-meta":""},"product_brand":[],"product_cat":[37],"product_tag":[],"class_list":{"0":"post-425","1":"product","2":"type-product","3":"status-publish","4":"has-post-thumbnail","6":"product_cat-aros","7":"desktop-align-left","8":"tablet-align-left","9":"mobile-align-left","11":"first","12":"instock","13":"taxable","14":"shipping-taxable","15":"purchasable","16":"product-type-simple"},"aioseo_notices":[],"_links":{"self":[{"href":"https:\/\/lovenotwar.com.ar\/index.php?rest_route=\/wp\/v2\/product\/425","targetHints":{"allow":["GET"]}}],"collection":[{"href":"https:\/\/lovenotwar.com.ar\/index.php?rest_route=\/wp\/v2\/product"}],"about":[{"href":"https:\/\/lovenotwar.com.ar\/index.php?rest_route=\/wp\/v2\/types\/product"}],"wp:featuredmedia":[{"embeddable":true,"href":"https:\/\/lovenotwar.com.ar\/index.php?rest_route=\/wp\/v2\/media\/2459"}],"wp:attachment":[{"href":"https:\/\/lovenotwar.com.ar\/index.php?rest_route=%2Fwp%2Fv2%2Fmedia&parent=425"}],"wp:term":[{"taxonomy":"product_brand","embeddable":true,"href":"https:\/\/lovenotwar.com.ar\/index.php?rest_route=%2Fwp%2Fv2%2Fproduct_brand&post=425"},{"taxonomy":"product_cat","embeddable":true,"href":"https:\/\/lovenotwar.com.ar\/index.php?rest_route=%2Fwp%2Fv2%2Fproduct_cat&post=425"},{"taxonomy":"product_tag","embeddable":true,"href":"https:\/\/lovenotwar.com.ar\/index.php?rest_route=%2Fwp%2Fv2%2Fproduct_tag&post=425"}],"curies":[{"name":"wp","href":"https:\/\/api.w.org\/{rel}","templated":true}]}}