{"id":437,"date":"2022-08-06T15:34:06","date_gmt":"2022-08-06T15:34:06","guid":{"rendered":"https:\/\/lovenotwar.com.ar\/?post_type=product&#038;p=437"},"modified":"2026-01-23T17:27:36","modified_gmt":"2026-01-23T17:27:36","slug":"aros-esterellas-black","status":"publish","type":"product","link":"https:\/\/lovenotwar.com.ar\/?product=aros-esterellas-black","title":{"rendered":"Aros \u00abStar Black\u00bb"},"content":{"rendered":"","protected":false},"excerpt":{"rendered":"<p><span style=\"font-size: 16px\">Aros \u00abSTAR BLACK\u00bb \u2013 Acr\u00edlico Reciclado \/ Love Not War<br \/>\nAros en forma de estrella negra s\u00f3lida. Un dise\u00f1o b\u00e1sico, potente y con toda la identidad de la marca.<br \/>\n* Nombre del modelo: STAR BLACK.<br \/>\n* Material: Acr\u00edlico 100% reciclado en color Negro s\u00f3lido.<br \/>\n* Dise\u00f1o: Silueta de estrella de cinco puntas con bordes netos.<br \/>\n* Sujeci\u00f3n: Pasante de metal hipoalerg\u00e9nico con tope de seguridad. No pesan nada, ideales para usar todo el d\u00eda.<br \/>\n* Sostenibilidad: Fabricados a partir de descartes industriales recuperados. Moda circular real.<\/span><\/p>\n","protected":false},"featured_media":2450,"template":"","meta":{"site-sidebar-layout":"default","site-content-layout":"default","ast-global-header-display":"","ast-main-header-display":"","ast-hfb-above-header-display":"","ast-hfb-below-header-display":"","ast-hfb-mobile-header-display":"","site-post-title":"","ast-breadcrumbs-content":"","ast-featured-img":"","footer-sml-layout":"","theme-transparent-header-meta":"default","adv-header-id-meta":"","stick-header-meta":"","header-above-stick-meta":"","header-main-stick-meta":"","header-below-stick-meta":""},"product_brand":[],"product_cat":[37],"product_tag":[],"class_list":{"0":"post-437","1":"product","2":"type-product","3":"status-publish","4":"has-post-thumbnail","6":"product_cat-aros","7":"desktop-align-left","8":"tablet-align-left","9":"mobile-align-left","11":"first","12":"instock","13":"taxable","14":"shipping-taxable","15":"purchasable","16":"product-type-simple"},"aioseo_notices":[],"_links":{"self":[{"href":"https:\/\/lovenotwar.com.ar\/index.php?rest_route=\/wp\/v2\/product\/437","targetHints":{"allow":["GET"]}}],"collection":[{"href":"https:\/\/lovenotwar.com.ar\/index.php?rest_route=\/wp\/v2\/product"}],"about":[{"href":"https:\/\/lovenotwar.com.ar\/index.php?rest_route=\/wp\/v2\/types\/product"}],"wp:featuredmedia":[{"embeddable":true,"href":"https:\/\/lovenotwar.com.ar\/index.php?rest_route=\/wp\/v2\/media\/2450"}],"wp:attachment":[{"href":"https:\/\/lovenotwar.com.ar\/index.php?rest_route=%2Fwp%2Fv2%2Fmedia&parent=437"}],"wp:term":[{"taxonomy":"product_brand","embeddable":true,"href":"https:\/\/lovenotwar.com.ar\/index.php?rest_route=%2Fwp%2Fv2%2Fproduct_brand&post=437"},{"taxonomy":"product_cat","embeddable":true,"href":"https:\/\/lovenotwar.com.ar\/index.php?rest_route=%2Fwp%2Fv2%2Fproduct_cat&post=437"},{"taxonomy":"product_tag","embeddable":true,"href":"https:\/\/lovenotwar.com.ar\/index.php?rest_route=%2Fwp%2Fv2%2Fproduct_tag&post=437"}],"curies":[{"name":"wp","href":"https:\/\/api.w.org\/{rel}","templated":true}]}}