{"id":458,"date":"2022-08-06T15:34:28","date_gmt":"2022-08-06T15:34:28","guid":{"rendered":"https:\/\/lovenotwar.com.ar\/?post_type=product&#038;p=458"},"modified":"2026-01-23T10:02:16","modified_gmt":"2026-01-23T10:02:16","slug":"aros-palmera","status":"publish","type":"product","link":"https:\/\/lovenotwar.com.ar\/?product=aros-palmera","title":{"rendered":"Aros \u00abBlod Gold\u00bb"},"content":{"rendered":"","protected":false},"excerpt":{"rendered":"<p>Aros \u00abBOLD GOLD\u00bb \u2013 Acr\u00edlico Espejado Dorado \/ Love Not War<br \/>\nAros de dise\u00f1o minimalista y silueta compuesta, fabricados en acr\u00edlico reciclado con acabado espejo oro. Un modelo que juega con la geometr\u00eda b\u00e1sica para lograr una pieza sofisticada y arquitect\u00f3nica que ilumina el rostro.<br \/>\nDetalles del producto:<br \/>\n* Nombre del modelo: BOLD GOLD.<br \/>\n* Material: Acr\u00edlico 100% reciclado con efecto espejo dorado de alta reflexi\u00f3n.<br \/>\n* Dise\u00f1o: Superposici\u00f3n de un cuadrado sobre un semic\u00edrculo, logrando una forma \u00fanica y moderna.<br \/>\n* Peso: Livianos y confortables, dise\u00f1ados para no estirar el l\u00f3bulo.<br \/>\n* Herrajes: Pasante de metal hipoalerg\u00e9nico oculto.<br \/>\n* Sostenibilidad: Producci\u00f3n responsable y materiales recuperados.<\/p>\n","protected":false},"featured_media":2426,"template":"","meta":{"site-sidebar-layout":"default","site-content-layout":"default","ast-global-header-display":"","ast-main-header-display":"","ast-hfb-above-header-display":"","ast-hfb-below-header-display":"","ast-hfb-mobile-header-display":"","site-post-title":"","ast-breadcrumbs-content":"","ast-featured-img":"","footer-sml-layout":"","theme-transparent-header-meta":"default","adv-header-id-meta":"","stick-header-meta":"","header-above-stick-meta":"","header-main-stick-meta":"","header-below-stick-meta":""},"product_brand":[],"product_cat":[37],"product_tag":[],"class_list":{"0":"post-458","1":"product","2":"type-product","3":"status-publish","4":"has-post-thumbnail","6":"product_cat-aros","7":"desktop-align-left","8":"tablet-align-left","9":"mobile-align-left","11":"first","12":"instock","13":"taxable","14":"shipping-taxable","15":"purchasable","16":"product-type-simple"},"aioseo_notices":[],"_links":{"self":[{"href":"https:\/\/lovenotwar.com.ar\/index.php?rest_route=\/wp\/v2\/product\/458","targetHints":{"allow":["GET"]}}],"collection":[{"href":"https:\/\/lovenotwar.com.ar\/index.php?rest_route=\/wp\/v2\/product"}],"about":[{"href":"https:\/\/lovenotwar.com.ar\/index.php?rest_route=\/wp\/v2\/types\/product"}],"wp:featuredmedia":[{"embeddable":true,"href":"https:\/\/lovenotwar.com.ar\/index.php?rest_route=\/wp\/v2\/media\/2426"}],"wp:attachment":[{"href":"https:\/\/lovenotwar.com.ar\/index.php?rest_route=%2Fwp%2Fv2%2Fmedia&parent=458"}],"wp:term":[{"taxonomy":"product_brand","embeddable":true,"href":"https:\/\/lovenotwar.com.ar\/index.php?rest_route=%2Fwp%2Fv2%2Fproduct_brand&post=458"},{"taxonomy":"product_cat","embeddable":true,"href":"https:\/\/lovenotwar.com.ar\/index.php?rest_route=%2Fwp%2Fv2%2Fproduct_cat&post=458"},{"taxonomy":"product_tag","embeddable":true,"href":"https:\/\/lovenotwar.com.ar\/index.php?rest_route=%2Fwp%2Fv2%2Fproduct_tag&post=458"}],"curies":[{"name":"wp","href":"https:\/\/api.w.org\/{rel}","templated":true}]}}