{"id":460,"date":"2022-08-06T15:34:28","date_gmt":"2022-08-06T15:34:28","guid":{"rendered":"https:\/\/lovenotwar.com.ar\/?post_type=product&#038;p=460"},"modified":"2026-01-23T10:37:09","modified_gmt":"2026-01-23T10:37:09","slug":"aros-geo-rosa-negro","status":"publish","type":"product","link":"https:\/\/lovenotwar.com.ar\/?product=aros-geo-rosa-negro","title":{"rendered":"Aros \u00abMetrica\u00bb"},"content":{"rendered":"","protected":false},"excerpt":{"rendered":"<p>Aros \u00abM\u00c9TRICA\u00bb \u2013 Acr\u00edlico Reciclado \/ Love Not War<br \/>\nAros de dise\u00f1o octogonal con un fuerte impacto visual. Esta pieza juega con la geometr\u00eda pura, combinando una base negra s\u00f3lida con un centro rojo vibrante en relieve. Una propuesta arquitect\u00f3nica, neta y con mucha fuerza.<br \/>\n* Nombre del modelo: M\u00c9TRICA.<br \/>\n* Material: Acr\u00edlico 100% reciclado (Negro y Rojo s\u00f3lido).<br \/>\n* Dise\u00f1o: Estructura de ocho lados con un cuadrado central superpuesto que crea un efecto 3D.<br \/>\n* Sujeci\u00f3n: Pasante de metal hipoalerg\u00e9nico<br \/>\n* \u2060Sostenibilidad: Accesorio de moda circular producido \u00e9ticamente a partir de recursos recuperados<\/p>\n","protected":false},"featured_media":2435,"template":"","meta":{"site-sidebar-layout":"default","site-content-layout":"default","ast-global-header-display":"","ast-main-header-display":"","ast-hfb-above-header-display":"","ast-hfb-below-header-display":"","ast-hfb-mobile-header-display":"","site-post-title":"","ast-breadcrumbs-content":"","ast-featured-img":"","footer-sml-layout":"","theme-transparent-header-meta":"default","adv-header-id-meta":"","stick-header-meta":"","header-above-stick-meta":"","header-main-stick-meta":"","header-below-stick-meta":""},"product_brand":[],"product_cat":[37],"product_tag":[],"class_list":{"0":"post-460","1":"product","2":"type-product","3":"status-publish","4":"has-post-thumbnail","6":"product_cat-aros","7":"desktop-align-left","8":"tablet-align-left","9":"mobile-align-left","11":"first","12":"instock","13":"taxable","14":"shipping-taxable","15":"purchasable","16":"product-type-simple"},"aioseo_notices":[],"_links":{"self":[{"href":"https:\/\/lovenotwar.com.ar\/index.php?rest_route=\/wp\/v2\/product\/460","targetHints":{"allow":["GET"]}}],"collection":[{"href":"https:\/\/lovenotwar.com.ar\/index.php?rest_route=\/wp\/v2\/product"}],"about":[{"href":"https:\/\/lovenotwar.com.ar\/index.php?rest_route=\/wp\/v2\/types\/product"}],"wp:featuredmedia":[{"embeddable":true,"href":"https:\/\/lovenotwar.com.ar\/index.php?rest_route=\/wp\/v2\/media\/2435"}],"wp:attachment":[{"href":"https:\/\/lovenotwar.com.ar\/index.php?rest_route=%2Fwp%2Fv2%2Fmedia&parent=460"}],"wp:term":[{"taxonomy":"product_brand","embeddable":true,"href":"https:\/\/lovenotwar.com.ar\/index.php?rest_route=%2Fwp%2Fv2%2Fproduct_brand&post=460"},{"taxonomy":"product_cat","embeddable":true,"href":"https:\/\/lovenotwar.com.ar\/index.php?rest_route=%2Fwp%2Fv2%2Fproduct_cat&post=460"},{"taxonomy":"product_tag","embeddable":true,"href":"https:\/\/lovenotwar.com.ar\/index.php?rest_route=%2Fwp%2Fv2%2Fproduct_tag&post=460"}],"curies":[{"name":"wp","href":"https:\/\/api.w.org\/{rel}","templated":true}]}}