{"id":463,"date":"2022-08-06T15:34:28","date_gmt":"2022-08-06T15:34:28","guid":{"rendered":"https:\/\/lovenotwar.com.ar\/?post_type=product&#038;p=463"},"modified":"2026-01-23T17:05:52","modified_gmt":"2026-01-23T17:05:52","slug":"aros-femme-fierce","status":"publish","type":"product","link":"https:\/\/lovenotwar.com.ar\/?product=aros-femme-fierce","title":{"rendered":"Aros \u00abNativa\u00bb"},"content":{"rendered":"","protected":false},"excerpt":{"rendered":"<p>Aros \u00abNATIVA\u00bb \u2013 Acr\u00edlico Reciclado \/ Love Not War<br \/>\nAros de dise\u00f1o geom\u00e9trico con planos superpuestos. Esta pieza destaca por su combinaci\u00f3n de tonos Crudo y Verde, logrando un accesorio de est\u00e9tica natural pero con una estructura arquitect\u00f3nica muy definida.<br \/>\n* Nombre del modelo: NATIVA.<br \/>\n* Material: Acr\u00edlico 100% reciclado en colores Crudo y Verde bosque (s\u00f3lidos).<br \/>\n* Dise\u00f1o: Composici\u00f3n de dos piezas recortadas por l\u00e1ser y superpuestas: un rect\u00e1ngulo facetado sobre una base de media luna, creando un juego de niveles y texturas.<br \/>\n* Sujeci\u00f3n: Pasante de metal hipoalerg\u00e9nico con tope de seguridad. Est\u00e1n dise\u00f1ados para ser ultra livianos, permitiendo que la pieza luzca con cuerpo sin tirar del l\u00f3bulo.<br \/>\n* Sostenibilidad: Accesorio producido bajo el concepto de moda circular, utilizando descartes de acr\u00edlico recuperados y transform\u00e1ndolos en dise\u00f1o de autor con bajo impacto ambiental.<\/p>\n","protected":false},"featured_media":2441,"template":"","meta":{"site-sidebar-layout":"default","site-content-layout":"default","ast-global-header-display":"","ast-main-header-display":"","ast-hfb-above-header-display":"","ast-hfb-below-header-display":"","ast-hfb-mobile-header-display":"","site-post-title":"","ast-breadcrumbs-content":"","ast-featured-img":"","footer-sml-layout":"","theme-transparent-header-meta":"default","adv-header-id-meta":"","stick-header-meta":"","header-above-stick-meta":"","header-main-stick-meta":"","header-below-stick-meta":""},"product_brand":[],"product_cat":[37],"product_tag":[],"class_list":{"0":"post-463","1":"product","2":"type-product","3":"status-publish","4":"has-post-thumbnail","6":"product_cat-aros","7":"desktop-align-left","8":"tablet-align-left","9":"mobile-align-left","11":"first","12":"instock","13":"taxable","14":"shipping-taxable","15":"purchasable","16":"product-type-simple"},"aioseo_notices":[],"_links":{"self":[{"href":"https:\/\/lovenotwar.com.ar\/index.php?rest_route=\/wp\/v2\/product\/463","targetHints":{"allow":["GET"]}}],"collection":[{"href":"https:\/\/lovenotwar.com.ar\/index.php?rest_route=\/wp\/v2\/product"}],"about":[{"href":"https:\/\/lovenotwar.com.ar\/index.php?rest_route=\/wp\/v2\/types\/product"}],"wp:featuredmedia":[{"embeddable":true,"href":"https:\/\/lovenotwar.com.ar\/index.php?rest_route=\/wp\/v2\/media\/2441"}],"wp:attachment":[{"href":"https:\/\/lovenotwar.com.ar\/index.php?rest_route=%2Fwp%2Fv2%2Fmedia&parent=463"}],"wp:term":[{"taxonomy":"product_brand","embeddable":true,"href":"https:\/\/lovenotwar.com.ar\/index.php?rest_route=%2Fwp%2Fv2%2Fproduct_brand&post=463"},{"taxonomy":"product_cat","embeddable":true,"href":"https:\/\/lovenotwar.com.ar\/index.php?rest_route=%2Fwp%2Fv2%2Fproduct_cat&post=463"},{"taxonomy":"product_tag","embeddable":true,"href":"https:\/\/lovenotwar.com.ar\/index.php?rest_route=%2Fwp%2Fv2%2Fproduct_tag&post=463"}],"curies":[{"name":"wp","href":"https:\/\/api.w.org\/{rel}","templated":true}]}}