{"id":466,"date":"2022-08-06T15:34:29","date_gmt":"2022-08-06T15:34:29","guid":{"rendered":"https:\/\/lovenotwar.com.ar\/?post_type=product&#038;p=466"},"modified":"2026-01-23T08:58:19","modified_gmt":"2026-01-23T08:58:19","slug":"aros-tercer-ojo-2","status":"publish","type":"product","link":"https:\/\/lovenotwar.com.ar\/?product=aros-tercer-ojo-2","title":{"rendered":"Aros \u00abMeteor\u00bb"},"content":{"rendered":"","protected":false},"excerpt":{"rendered":"<p>Aros \u00abMETEOR\u00bb \u2013 Acr\u00edlico Espejado \/ Love Not War<br \/>\nAros de dise\u00f1o experimental y silueta abstracta, fabricados en acr\u00edlico reciclado con acabado espejado plata. Esta pieza destaca por sus formas asim\u00e9tricas e irregulares que capturan la luz desde diferentes \u00e1ngulos, logrando un accesorio de est\u00e9tica futurista, liviano y de origen sostenible.<br \/>\nDetalles del producto:<br \/>\n* Nombre del modelo: METEOR.<br \/>\n* Material: Acr\u00edlico 100% reciclado con efecto espejo plateado de alta reflexi\u00f3n.<br \/>\n* Dise\u00f1o: Piezas de formas diversas y org\u00e1nicas (estilo \u00abblob\u00bb o fragmento) que rompen con la geometr\u00eda tradicional.<br \/>\n* Peso: Ultra livianos, ideales para quienes buscan un accesorio de gran tama\u00f1o pero sin peso.<br \/>\n* Herrajes: Pasante de metal hipoalerg\u00e9nico.<br \/>\n* Sostenibilidad: Reutilizaci\u00f3n de materiales para un accesorio de bajo impacto ambiental y producci\u00f3n responsable.<\/p>\n","protected":false},"featured_media":2416,"template":"","meta":{"site-sidebar-layout":"default","site-content-layout":"default","ast-global-header-display":"","ast-main-header-display":"","ast-hfb-above-header-display":"","ast-hfb-below-header-display":"","ast-hfb-mobile-header-display":"","site-post-title":"","ast-breadcrumbs-content":"","ast-featured-img":"","footer-sml-layout":"","theme-transparent-header-meta":"default","adv-header-id-meta":"","stick-header-meta":"","header-above-stick-meta":"","header-main-stick-meta":"","header-below-stick-meta":""},"product_brand":[],"product_cat":[37],"product_tag":[],"class_list":{"0":"post-466","1":"product","2":"type-product","3":"status-publish","4":"has-post-thumbnail","6":"product_cat-aros","7":"desktop-align-left","8":"tablet-align-left","9":"mobile-align-left","11":"first","12":"instock","13":"taxable","14":"shipping-taxable","15":"purchasable","16":"product-type-simple"},"aioseo_notices":[],"_links":{"self":[{"href":"https:\/\/lovenotwar.com.ar\/index.php?rest_route=\/wp\/v2\/product\/466","targetHints":{"allow":["GET"]}}],"collection":[{"href":"https:\/\/lovenotwar.com.ar\/index.php?rest_route=\/wp\/v2\/product"}],"about":[{"href":"https:\/\/lovenotwar.com.ar\/index.php?rest_route=\/wp\/v2\/types\/product"}],"wp:featuredmedia":[{"embeddable":true,"href":"https:\/\/lovenotwar.com.ar\/index.php?rest_route=\/wp\/v2\/media\/2416"}],"wp:attachment":[{"href":"https:\/\/lovenotwar.com.ar\/index.php?rest_route=%2Fwp%2Fv2%2Fmedia&parent=466"}],"wp:term":[{"taxonomy":"product_brand","embeddable":true,"href":"https:\/\/lovenotwar.com.ar\/index.php?rest_route=%2Fwp%2Fv2%2Fproduct_brand&post=466"},{"taxonomy":"product_cat","embeddable":true,"href":"https:\/\/lovenotwar.com.ar\/index.php?rest_route=%2Fwp%2Fv2%2Fproduct_cat&post=466"},{"taxonomy":"product_tag","embeddable":true,"href":"https:\/\/lovenotwar.com.ar\/index.php?rest_route=%2Fwp%2Fv2%2Fproduct_tag&post=466"}],"curies":[{"name":"wp","href":"https:\/\/api.w.org\/{rel}","templated":true}]}}