{"id":494,"date":"2022-08-06T15:34:50","date_gmt":"2022-08-06T15:34:50","guid":{"rendered":"https:\/\/lovenotwar.com.ar\/?post_type=product&#038;p=494"},"modified":"2026-01-23T10:04:58","modified_gmt":"2026-01-23T10:04:58","slug":"aros-dorados-acrilico-espejo","status":"publish","type":"product","link":"https:\/\/lovenotwar.com.ar\/?product=aros-dorados-acrilico-espejo","title":{"rendered":"Aros \u00abGea\u00bb"},"content":{"rendered":"","protected":false},"excerpt":{"rendered":"<p>Aros \u00abGEA\u00bb \u2013 Acr\u00edlico Espejado Dorado \/ Love Not War<br \/>\nAros de dise\u00f1o arquitect\u00f3nico y silueta compuesta, fabricados en acr\u00edlico reciclado con acabado espejo oro. Esta pieza juega con la superposici\u00f3n de formas geom\u00e9tricas \u2014un cuadrado sobre un semic\u00edrculo\u2014 para crear un accesorio de impacto visual moderno, minimalista y de origen sostenible.<br \/>\nDetalles del producto:<br \/>\n* Nombre del modelo: GEA.<br \/>\n* Material: Acr\u00edlico 100% reciclado con efecto espejo dorado de alta reflexi\u00f3n.<br \/>\n* Dise\u00f1o: Composici\u00f3n de dos piezas geom\u00e9tricas superpuestas que generan relieve y profundidad.<br \/>\n* Peso: Ultra livianos; el acr\u00edlico permite un tama\u00f1o importante sin el peso del metal.<br \/>\n* Sujeci\u00f3n: Pasante de metal hipoalerg\u00e9nico oculto tras la pieza cuadrada.<br \/>\n* Sostenibilidad: Reutilizaci\u00f3n de materiales para un accesorio de bajo impacto ambiental.<\/p>\n","protected":false},"featured_media":2427,"template":"","meta":{"site-sidebar-layout":"default","site-content-layout":"default","ast-global-header-display":"","ast-main-header-display":"","ast-hfb-above-header-display":"","ast-hfb-below-header-display":"","ast-hfb-mobile-header-display":"","site-post-title":"","ast-breadcrumbs-content":"","ast-featured-img":"","footer-sml-layout":"","theme-transparent-header-meta":"default","adv-header-id-meta":"","stick-header-meta":"","header-above-stick-meta":"","header-main-stick-meta":"","header-below-stick-meta":""},"product_brand":[],"product_cat":[37],"product_tag":[],"class_list":{"0":"post-494","1":"product","2":"type-product","3":"status-publish","4":"has-post-thumbnail","6":"product_cat-aros","7":"desktop-align-left","8":"tablet-align-left","9":"mobile-align-left","11":"first","12":"instock","13":"taxable","14":"shipping-taxable","15":"purchasable","16":"product-type-simple"},"aioseo_notices":[],"_links":{"self":[{"href":"https:\/\/lovenotwar.com.ar\/index.php?rest_route=\/wp\/v2\/product\/494","targetHints":{"allow":["GET"]}}],"collection":[{"href":"https:\/\/lovenotwar.com.ar\/index.php?rest_route=\/wp\/v2\/product"}],"about":[{"href":"https:\/\/lovenotwar.com.ar\/index.php?rest_route=\/wp\/v2\/types\/product"}],"wp:featuredmedia":[{"embeddable":true,"href":"https:\/\/lovenotwar.com.ar\/index.php?rest_route=\/wp\/v2\/media\/2427"}],"wp:attachment":[{"href":"https:\/\/lovenotwar.com.ar\/index.php?rest_route=%2Fwp%2Fv2%2Fmedia&parent=494"}],"wp:term":[{"taxonomy":"product_brand","embeddable":true,"href":"https:\/\/lovenotwar.com.ar\/index.php?rest_route=%2Fwp%2Fv2%2Fproduct_brand&post=494"},{"taxonomy":"product_cat","embeddable":true,"href":"https:\/\/lovenotwar.com.ar\/index.php?rest_route=%2Fwp%2Fv2%2Fproduct_cat&post=494"},{"taxonomy":"product_tag","embeddable":true,"href":"https:\/\/lovenotwar.com.ar\/index.php?rest_route=%2Fwp%2Fv2%2Fproduct_tag&post=494"}],"curies":[{"name":"wp","href":"https:\/\/api.w.org\/{rel}","templated":true}]}}