{"id":496,"date":"2022-08-06T15:34:50","date_gmt":"2022-08-06T15:34:50","guid":{"rendered":"https:\/\/lovenotwar.com.ar\/?post_type=product&#038;p=496"},"modified":"2026-01-23T08:28:55","modified_gmt":"2026-01-23T08:28:55","slug":"aros-new-yellow","status":"publish","type":"product","link":"https:\/\/lovenotwar.com.ar\/?product=aros-new-yellow","title":{"rendered":"Aros \u00abMosaic\u00bb"},"content":{"rendered":"","protected":false},"excerpt":{"rendered":"<p>Aros \u00abMOSAIC\u00bb \u2013 Acr\u00edlico Reciclado \/ Love Not War<br \/>\nAros de dise\u00f1o geom\u00e9trico fabricados \u00edntegramente en acr\u00edlico reciclado. Este accesorio destaca por su juego de formas y texturas, logrando una pieza de vanguardia, liviana y de origen sostenible.<br \/>\nDetalles del producto:<br \/>\n* Nombre del modelo: MOSAIC.<br \/>\n* Material: Acr\u00edlico 100% reciclado.<br \/>\n* Dise\u00f1o: Ensamble de una pieza cuadrada superior de color s\u00f3lido sobre una base circular de acr\u00edlico con efecto n\u00e1car.<br \/>\n* Peso: Ultra livianos, dise\u00f1ados para un uso diario sin peso extra.<br \/>\n* Herrajes: Pasante de metal hipoalerg\u00e9nico.<br \/>\n* Sostenibilidad: Reutilizaci\u00f3n de materiales para un accesorio de bajo impacto ambiental y producci\u00f3n responsable.<\/p>\n","protected":false},"featured_media":2395,"template":"","meta":{"site-sidebar-layout":"default","site-content-layout":"default","ast-global-header-display":"","ast-main-header-display":"","ast-hfb-above-header-display":"","ast-hfb-below-header-display":"","ast-hfb-mobile-header-display":"","site-post-title":"","ast-breadcrumbs-content":"","ast-featured-img":"","footer-sml-layout":"","theme-transparent-header-meta":"default","adv-header-id-meta":"","stick-header-meta":"","header-above-stick-meta":"","header-main-stick-meta":"","header-below-stick-meta":""},"product_brand":[],"product_cat":[37],"product_tag":[],"class_list":{"0":"post-496","1":"product","2":"type-product","3":"status-publish","4":"has-post-thumbnail","6":"product_cat-aros","7":"desktop-align-left","8":"tablet-align-left","9":"mobile-align-left","11":"first","12":"instock","13":"taxable","14":"shipping-taxable","15":"purchasable","16":"product-type-simple"},"aioseo_notices":[],"_links":{"self":[{"href":"https:\/\/lovenotwar.com.ar\/index.php?rest_route=\/wp\/v2\/product\/496","targetHints":{"allow":["GET"]}}],"collection":[{"href":"https:\/\/lovenotwar.com.ar\/index.php?rest_route=\/wp\/v2\/product"}],"about":[{"href":"https:\/\/lovenotwar.com.ar\/index.php?rest_route=\/wp\/v2\/types\/product"}],"wp:featuredmedia":[{"embeddable":true,"href":"https:\/\/lovenotwar.com.ar\/index.php?rest_route=\/wp\/v2\/media\/2395"}],"wp:attachment":[{"href":"https:\/\/lovenotwar.com.ar\/index.php?rest_route=%2Fwp%2Fv2%2Fmedia&parent=496"}],"wp:term":[{"taxonomy":"product_brand","embeddable":true,"href":"https:\/\/lovenotwar.com.ar\/index.php?rest_route=%2Fwp%2Fv2%2Fproduct_brand&post=496"},{"taxonomy":"product_cat","embeddable":true,"href":"https:\/\/lovenotwar.com.ar\/index.php?rest_route=%2Fwp%2Fv2%2Fproduct_cat&post=496"},{"taxonomy":"product_tag","embeddable":true,"href":"https:\/\/lovenotwar.com.ar\/index.php?rest_route=%2Fwp%2Fv2%2Fproduct_tag&post=496"}],"curies":[{"name":"wp","href":"https:\/\/api.w.org\/{rel}","templated":true}]}}