{"id":499,"date":"2022-08-06T15:34:50","date_gmt":"2022-08-06T15:34:50","guid":{"rendered":"https:\/\/lovenotwar.com.ar\/?post_type=product&#038;p=499"},"modified":"2026-01-23T08:55:09","modified_gmt":"2026-01-23T08:55:09","slug":"llavero-ojo-turco","status":"publish","type":"product","link":"https:\/\/lovenotwar.com.ar\/?product=llavero-ojo-turco","title":{"rendered":"Aros \u00abOrbit\u00bb"},"content":{"rendered":"","protected":false},"excerpt":{"rendered":"<p>Argollas \u00abORBIT\u00bb \u2013 Acr\u00edlico Reciclado \/ Love Not War<br \/>\nArgollas de dise\u00f1o circular perfecto fabricadas \u00edntegramente en acr\u00edlico reciclado. Este modelo es un b\u00e1sico infaltable que combina la calidez del acabado carey con la ligereza absoluta del acr\u00edlico, logrando una pieza vers\u00e1til y de origen sostenible.<br \/>\nDetalles del producto:<br \/>\n* Nombre del modelo: ORBIT.<br \/>\n* Material: Acr\u00edlico 100% reciclado.<br \/>\n* Dise\u00f1o: Argollas redondas de di\u00e1metro medio con veteado org\u00e1nico tipo carey.<br \/>\n* Peso: Ultra livianas, ideales para usar todo el d\u00eda sin que pesen.<br \/>\n* Herrajes: Pasante de metal hipoalerg\u00e9nico.<br \/>\n* Sostenibilidad: Reutilizaci\u00f3n de materiales para un accesorio de bajo impacto ambiental y producci\u00f3n responsable.<\/p>\n","protected":false},"featured_media":2414,"template":"","meta":{"site-sidebar-layout":"default","site-content-layout":"default","ast-global-header-display":"","ast-main-header-display":"","ast-hfb-above-header-display":"","ast-hfb-below-header-display":"","ast-hfb-mobile-header-display":"","site-post-title":"","ast-breadcrumbs-content":"","ast-featured-img":"","footer-sml-layout":"","theme-transparent-header-meta":"default","adv-header-id-meta":"","stick-header-meta":"","header-above-stick-meta":"","header-main-stick-meta":"","header-below-stick-meta":""},"product_brand":[],"product_cat":[37],"product_tag":[],"class_list":{"0":"post-499","1":"product","2":"type-product","3":"status-publish","4":"has-post-thumbnail","6":"product_cat-aros","7":"desktop-align-left","8":"tablet-align-left","9":"mobile-align-left","11":"first","12":"instock","13":"taxable","14":"shipping-taxable","15":"purchasable","16":"product-type-simple"},"aioseo_notices":[],"_links":{"self":[{"href":"https:\/\/lovenotwar.com.ar\/index.php?rest_route=\/wp\/v2\/product\/499","targetHints":{"allow":["GET"]}}],"collection":[{"href":"https:\/\/lovenotwar.com.ar\/index.php?rest_route=\/wp\/v2\/product"}],"about":[{"href":"https:\/\/lovenotwar.com.ar\/index.php?rest_route=\/wp\/v2\/types\/product"}],"wp:featuredmedia":[{"embeddable":true,"href":"https:\/\/lovenotwar.com.ar\/index.php?rest_route=\/wp\/v2\/media\/2414"}],"wp:attachment":[{"href":"https:\/\/lovenotwar.com.ar\/index.php?rest_route=%2Fwp%2Fv2%2Fmedia&parent=499"}],"wp:term":[{"taxonomy":"product_brand","embeddable":true,"href":"https:\/\/lovenotwar.com.ar\/index.php?rest_route=%2Fwp%2Fv2%2Fproduct_brand&post=499"},{"taxonomy":"product_cat","embeddable":true,"href":"https:\/\/lovenotwar.com.ar\/index.php?rest_route=%2Fwp%2Fv2%2Fproduct_cat&post=499"},{"taxonomy":"product_tag","embeddable":true,"href":"https:\/\/lovenotwar.com.ar\/index.php?rest_route=%2Fwp%2Fv2%2Fproduct_tag&post=499"}],"curies":[{"name":"wp","href":"https:\/\/api.w.org\/{rel}","templated":true}]}}