{"id":502,"date":"2022-08-06T15:34:50","date_gmt":"2022-08-06T15:34:50","guid":{"rendered":"https:\/\/lovenotwar.com.ar\/?post_type=product&#038;p=502"},"modified":"2026-01-23T08:39:33","modified_gmt":"2026-01-23T08:39:33","slug":"aros-mini-corazon","status":"publish","type":"product","link":"https:\/\/lovenotwar.com.ar\/?product=aros-mini-corazon","title":{"rendered":"Aros \u00abDimension\u00bb"},"content":{"rendered":"","protected":false},"excerpt":{"rendered":"<div class=\"o9v6fnle cxmmr5t8 oygrvhab hcukyx3x c1et5uql\">Aros \u00abDIMENSION\u00bb \u2013 Acr\u00edlico Reciclado \/ Love Not War<br \/>\nAros de dise\u00f1o vanguardista fabricados \u00edntegramente en acr\u00edlico reciclado. Esta pieza destaca por su construcci\u00f3n en capas superpuestas que crean un efecto 3D y un contraste absoluto entre blanco y negro, logrando un accesorio de gran impacto visual, liviano y de origen sostenible.<br \/>\nDetalles del producto:<br \/>\n* Nombre del modelo: DIMENSION.<br \/>\n* Material: Acr\u00edlico 100% reciclado de alta densidad.<br \/>\n* Dise\u00f1o: Composici\u00f3n geom\u00e9trica en tres planos: base circular negra, placa rectangular negra y placa frontal blanca desplazada para generar relieve.<br \/>\n* Peso: Ultra livianos, dise\u00f1ados para mantener el volumen sin sumar peso.<br \/>\n* Herrajes: Pasante de metal hipoalerg\u00e9nico.<br \/>\n* Sostenibilidad: Reutilizaci\u00f3n de materiales para un accesorio de bajo impacto ambiental y producci\u00f3n responsable.<\/div>\n","protected":false},"featured_media":2405,"template":"","meta":{"site-sidebar-layout":"default","site-content-layout":"default","ast-global-header-display":"","ast-main-header-display":"","ast-hfb-above-header-display":"","ast-hfb-below-header-display":"","ast-hfb-mobile-header-display":"","site-post-title":"","ast-breadcrumbs-content":"","ast-featured-img":"","footer-sml-layout":"","theme-transparent-header-meta":"default","adv-header-id-meta":"","stick-header-meta":"","header-above-stick-meta":"","header-main-stick-meta":"","header-below-stick-meta":""},"product_brand":[],"product_cat":[37],"product_tag":[],"class_list":{"0":"post-502","1":"product","2":"type-product","3":"status-publish","4":"has-post-thumbnail","6":"product_cat-aros","7":"desktop-align-left","8":"tablet-align-left","9":"mobile-align-left","11":"first","12":"instock","13":"taxable","14":"shipping-taxable","15":"purchasable","16":"product-type-simple"},"aioseo_notices":[],"_links":{"self":[{"href":"https:\/\/lovenotwar.com.ar\/index.php?rest_route=\/wp\/v2\/product\/502","targetHints":{"allow":["GET"]}}],"collection":[{"href":"https:\/\/lovenotwar.com.ar\/index.php?rest_route=\/wp\/v2\/product"}],"about":[{"href":"https:\/\/lovenotwar.com.ar\/index.php?rest_route=\/wp\/v2\/types\/product"}],"wp:featuredmedia":[{"embeddable":true,"href":"https:\/\/lovenotwar.com.ar\/index.php?rest_route=\/wp\/v2\/media\/2405"}],"wp:attachment":[{"href":"https:\/\/lovenotwar.com.ar\/index.php?rest_route=%2Fwp%2Fv2%2Fmedia&parent=502"}],"wp:term":[{"taxonomy":"product_brand","embeddable":true,"href":"https:\/\/lovenotwar.com.ar\/index.php?rest_route=%2Fwp%2Fv2%2Fproduct_brand&post=502"},{"taxonomy":"product_cat","embeddable":true,"href":"https:\/\/lovenotwar.com.ar\/index.php?rest_route=%2Fwp%2Fv2%2Fproduct_cat&post=502"},{"taxonomy":"product_tag","embeddable":true,"href":"https:\/\/lovenotwar.com.ar\/index.php?rest_route=%2Fwp%2Fv2%2Fproduct_tag&post=502"}],"curies":[{"name":"wp","href":"https:\/\/api.w.org\/{rel}","templated":true}]}}