{"id":503,"date":"2022-08-06T15:34:50","date_gmt":"2022-08-06T15:34:50","guid":{"rendered":"https:\/\/lovenotwar.com.ar\/?post_type=product&#038;p=503"},"modified":"2026-01-23T08:44:20","modified_gmt":"2026-01-23T08:44:20","slug":"aros-cats","status":"publish","type":"product","link":"https:\/\/lovenotwar.com.ar\/?product=aros-cats","title":{"rendered":"Aros \u00abBlock &amp; Stone\u00bb"},"content":{"rendered":"","protected":false},"excerpt":{"rendered":"<p>Aros \u00abBLOCK &amp; STONE\u00bb \u2013 Acr\u00edlico Reciclado y Piedra \/ Love Not War<br \/>\nAros de dise\u00f1o arquitect\u00f3nico fabricados en acr\u00edlico reciclado de tono borravino profundo. Esta pieza se distingue por su estructura de dos placas superpuestas unidas por un herraje met\u00e1lico, rematadas con una piedra negra genuina que aporta peso visual y elegancia.<br \/>\nDetalles del producto:<br \/>\n* Nombre del modelo: BLOCK &amp; STONE.<br \/>\n* Materiales: Cuerpo de acr\u00edlico 100% reciclado y aplique inferior de piedra natural negra.<br \/>\n* Dise\u00f1o: Composici\u00f3n vertical de dos piezas rectangulares de acr\u00edlico unidas por un eslab\u00f3n central, con terminaci\u00f3n en una piedra negra de formato trapezoide.<br \/>\n* Peso: A pesar de su tama\u00f1o, mantienen la ligereza caracter\u00edstica del acr\u00edlico para un uso c\u00f3modo.<br \/>\n* Herrajes: Argolla superior tipo \u00abhuggie\u00bb en metal hipoalerg\u00e9nico.<br \/>\n* Sostenibilidad: Reutilizaci\u00f3n de materiales industriales combinados con elementos naturales para una producci\u00f3n responsable<\/p>\n","protected":false},"featured_media":2406,"template":"","meta":{"site-sidebar-layout":"default","site-content-layout":"default","ast-global-header-display":"","ast-main-header-display":"","ast-hfb-above-header-display":"","ast-hfb-below-header-display":"","ast-hfb-mobile-header-display":"","site-post-title":"","ast-breadcrumbs-content":"","ast-featured-img":"","footer-sml-layout":"","theme-transparent-header-meta":"default","adv-header-id-meta":"","stick-header-meta":"","header-above-stick-meta":"","header-main-stick-meta":"","header-below-stick-meta":""},"product_brand":[],"product_cat":[37],"product_tag":[],"class_list":{"0":"post-503","1":"product","2":"type-product","3":"status-publish","4":"has-post-thumbnail","6":"product_cat-aros","7":"desktop-align-left","8":"tablet-align-left","9":"mobile-align-left","11":"first","12":"instock","13":"taxable","14":"shipping-taxable","15":"purchasable","16":"product-type-simple"},"aioseo_notices":[],"_links":{"self":[{"href":"https:\/\/lovenotwar.com.ar\/index.php?rest_route=\/wp\/v2\/product\/503","targetHints":{"allow":["GET"]}}],"collection":[{"href":"https:\/\/lovenotwar.com.ar\/index.php?rest_route=\/wp\/v2\/product"}],"about":[{"href":"https:\/\/lovenotwar.com.ar\/index.php?rest_route=\/wp\/v2\/types\/product"}],"wp:featuredmedia":[{"embeddable":true,"href":"https:\/\/lovenotwar.com.ar\/index.php?rest_route=\/wp\/v2\/media\/2406"}],"wp:attachment":[{"href":"https:\/\/lovenotwar.com.ar\/index.php?rest_route=%2Fwp%2Fv2%2Fmedia&parent=503"}],"wp:term":[{"taxonomy":"product_brand","embeddable":true,"href":"https:\/\/lovenotwar.com.ar\/index.php?rest_route=%2Fwp%2Fv2%2Fproduct_brand&post=503"},{"taxonomy":"product_cat","embeddable":true,"href":"https:\/\/lovenotwar.com.ar\/index.php?rest_route=%2Fwp%2Fv2%2Fproduct_cat&post=503"},{"taxonomy":"product_tag","embeddable":true,"href":"https:\/\/lovenotwar.com.ar\/index.php?rest_route=%2Fwp%2Fv2%2Fproduct_tag&post=503"}],"curies":[{"name":"wp","href":"https:\/\/api.w.org\/{rel}","templated":true}]}}