{"id":504,"date":"2022-08-06T15:34:50","date_gmt":"2022-08-06T15:34:50","guid":{"rendered":"https:\/\/lovenotwar.com.ar\/?post_type=product&#038;p=504"},"modified":"2026-01-23T08:48:03","modified_gmt":"2026-01-23T08:48:03","slug":"aros-eyes-dore","status":"publish","type":"product","link":"https:\/\/lovenotwar.com.ar\/?product=aros-eyes-dore","title":{"rendered":"Aros \u00abDouble Gaze\u00bb"},"content":{"rendered":"","protected":false},"excerpt":{"rendered":"<p>Aros \u00abDOUBLE GLAZE\u00bb \u2013 Acr\u00edlico Reciclado y Brillo \/ Love Not War<br \/>\nAros de dise\u00f1o estructurado fabricados en acr\u00edlico reciclado de tono borravino. Esta pieza juega con la superposici\u00f3n de planos y la luz, gracias a una piedra que simula strass, logrando un accesorio de noche con mucha personalidad y origen sostenible.<br \/>\nDetalles del producto:<br \/>\n* Nombre del modelo: DOUBLE GLAZE.<br \/>\n* Materiales: Dos placas de acr\u00edlico 100% reciclado y un aplique inferior de piedra cristalina (simil strass).<br \/>\n* Dise\u00f1o: Composici\u00f3n vertical de dos piezas rectangulares unidas por un eslab\u00f3n met\u00e1lico, rematada con una piedra ovalada que aporta un punto de luz focal.<br \/>\n* Peso: Ultra livianos; el volumen de las placas no afecta la comodidad gracias a las propiedades del acr\u00edlico.<br \/>\n* Herrajes: Argolla superior tipo \u00abhuggie\u00bb en metal hipoalerg\u00e9nico para un cierre seguro.<br \/>\n* Sostenibilidad: Reutilizaci\u00f3n de materiales para un accesorio de bajo impacto ambiental y producci\u00f3n responsable.<\/p>\n","protected":false},"featured_media":2409,"template":"","meta":{"site-sidebar-layout":"default","site-content-layout":"default","ast-global-header-display":"","ast-main-header-display":"","ast-hfb-above-header-display":"","ast-hfb-below-header-display":"","ast-hfb-mobile-header-display":"","site-post-title":"","ast-breadcrumbs-content":"","ast-featured-img":"","footer-sml-layout":"","theme-transparent-header-meta":"default","adv-header-id-meta":"","stick-header-meta":"","header-above-stick-meta":"","header-main-stick-meta":"","header-below-stick-meta":""},"product_brand":[],"product_cat":[37],"product_tag":[],"class_list":{"0":"post-504","1":"product","2":"type-product","3":"status-publish","4":"has-post-thumbnail","6":"product_cat-aros","7":"desktop-align-left","8":"tablet-align-left","9":"mobile-align-left","11":"first","12":"instock","13":"taxable","14":"shipping-taxable","15":"purchasable","16":"product-type-simple"},"aioseo_notices":[],"_links":{"self":[{"href":"https:\/\/lovenotwar.com.ar\/index.php?rest_route=\/wp\/v2\/product\/504","targetHints":{"allow":["GET"]}}],"collection":[{"href":"https:\/\/lovenotwar.com.ar\/index.php?rest_route=\/wp\/v2\/product"}],"about":[{"href":"https:\/\/lovenotwar.com.ar\/index.php?rest_route=\/wp\/v2\/types\/product"}],"wp:featuredmedia":[{"embeddable":true,"href":"https:\/\/lovenotwar.com.ar\/index.php?rest_route=\/wp\/v2\/media\/2409"}],"wp:attachment":[{"href":"https:\/\/lovenotwar.com.ar\/index.php?rest_route=%2Fwp%2Fv2%2Fmedia&parent=504"}],"wp:term":[{"taxonomy":"product_brand","embeddable":true,"href":"https:\/\/lovenotwar.com.ar\/index.php?rest_route=%2Fwp%2Fv2%2Fproduct_brand&post=504"},{"taxonomy":"product_cat","embeddable":true,"href":"https:\/\/lovenotwar.com.ar\/index.php?rest_route=%2Fwp%2Fv2%2Fproduct_cat&post=504"},{"taxonomy":"product_tag","embeddable":true,"href":"https:\/\/lovenotwar.com.ar\/index.php?rest_route=%2Fwp%2Fv2%2Fproduct_tag&post=504"}],"curies":[{"name":"wp","href":"https:\/\/api.w.org\/{rel}","templated":true}]}}