{"id":505,"date":"2022-08-06T15:34:50","date_gmt":"2022-08-06T15:34:50","guid":{"rendered":"https:\/\/lovenotwar.com.ar\/?post_type=product&#038;p=505"},"modified":"2026-01-23T08:50:32","modified_gmt":"2026-01-23T08:50:32","slug":"aros-estrellas","status":"publish","type":"product","link":"https:\/\/lovenotwar.com.ar\/?product=aros-estrellas","title":{"rendered":"Aros \u00abGarden\u00bb"},"content":{"rendered":"","protected":false},"excerpt":{"rendered":"<p>Aros \u00abGARDEN\u00bb \u2013 Acr\u00edlico Reciclado \/ Love Not War<br \/>\nAros de dise\u00f1o bot\u00e1nico y silueta maximizada, fabricados \u00edntegramente en acr\u00edlico reciclado color rojo intenso. Esta pieza destaca por su composici\u00f3n de flores articuladas que aportan movimiento y una est\u00e9tica rom\u00e1ntica-disruptiva, siendo un accesorio liviano y de origen sostenible.<br \/>\nDetalles del producto:<br \/>\n* Nombre del modelo: GARDEN.<br \/>\n* Color: Rojo vibrante \/ Colorado con acabado mate satinado.<br \/>\n* Material: Acr\u00edlico 100% reciclado.<br \/>\n* Dise\u00f1o: Cascada de flores de distintos tama\u00f1os unidas por eslabones met\u00e1licos, logrando un efecto de ca\u00edda con mucho movimiento.<br \/>\n* Peso: Ultra livianos; a pesar de ser aros largos y grandes, el acr\u00edlico permite llevarlos todo el d\u00eda sin molestias.<br \/>\n* Herrajes: Pasante de metal hipoalerg\u00e9nico.<br \/>\n* Sostenibilidad: Reutilizaci\u00f3n de materiales para un accesorio de bajo impacto ambiental y producci\u00f3n responsable.<\/p>\n","protected":false},"featured_media":2411,"template":"","meta":{"site-sidebar-layout":"default","site-content-layout":"default","ast-global-header-display":"","ast-main-header-display":"","ast-hfb-above-header-display":"","ast-hfb-below-header-display":"","ast-hfb-mobile-header-display":"","site-post-title":"","ast-breadcrumbs-content":"","ast-featured-img":"","footer-sml-layout":"","theme-transparent-header-meta":"default","adv-header-id-meta":"","stick-header-meta":"","header-above-stick-meta":"","header-main-stick-meta":"","header-below-stick-meta":""},"product_brand":[],"product_cat":[37],"product_tag":[],"class_list":{"0":"post-505","1":"product","2":"type-product","3":"status-publish","4":"has-post-thumbnail","6":"product_cat-aros","7":"desktop-align-left","8":"tablet-align-left","9":"mobile-align-left","11":"first","12":"instock","13":"taxable","14":"shipping-taxable","15":"purchasable","16":"product-type-simple"},"aioseo_notices":[],"_links":{"self":[{"href":"https:\/\/lovenotwar.com.ar\/index.php?rest_route=\/wp\/v2\/product\/505","targetHints":{"allow":["GET"]}}],"collection":[{"href":"https:\/\/lovenotwar.com.ar\/index.php?rest_route=\/wp\/v2\/product"}],"about":[{"href":"https:\/\/lovenotwar.com.ar\/index.php?rest_route=\/wp\/v2\/types\/product"}],"wp:featuredmedia":[{"embeddable":true,"href":"https:\/\/lovenotwar.com.ar\/index.php?rest_route=\/wp\/v2\/media\/2411"}],"wp:attachment":[{"href":"https:\/\/lovenotwar.com.ar\/index.php?rest_route=%2Fwp%2Fv2%2Fmedia&parent=505"}],"wp:term":[{"taxonomy":"product_brand","embeddable":true,"href":"https:\/\/lovenotwar.com.ar\/index.php?rest_route=%2Fwp%2Fv2%2Fproduct_brand&post=505"},{"taxonomy":"product_cat","embeddable":true,"href":"https:\/\/lovenotwar.com.ar\/index.php?rest_route=%2Fwp%2Fv2%2Fproduct_cat&post=505"},{"taxonomy":"product_tag","embeddable":true,"href":"https:\/\/lovenotwar.com.ar\/index.php?rest_route=%2Fwp%2Fv2%2Fproduct_tag&post=505"}],"curies":[{"name":"wp","href":"https:\/\/api.w.org\/{rel}","templated":true}]}}